{"id":17,"date":"2018-06-08T14:38:41","date_gmt":"2018-06-08T12:38:41","guid":{"rendered":"https:\/\/fahrnerlogistics.com\/auslandsgesellschaften\/?page_id=17"},"modified":"2024-07-19T16:05:41","modified_gmt":"2024-07-19T14:05:41","slug":"impressum","status":"publish","type":"page","link":"https:\/\/fahrnerlogistics.com\/auslandsgesellschaften\/impressum\/","title":{"rendered":"Impressum"},"content":{"rendered":"<div class=\"fusion-fullwidth fullwidth-box fusion-builder-row-1 nonhundred-percent-fullwidth non-hundred-percent-height-scrolling\" style=\"--awb-border-radius-top-left:0px;--awb-border-radius-top-right:0px;--awb-border-radius-bottom-right:0px;--awb-border-radius-bottom-left:0px;--awb-margin-top:60px;--awb-flex-wrap:wrap;\" ><div class=\"fusion-builder-row fusion-row\"><div class=\"fusion-layout-column fusion_builder_column fusion-builder-column-0 fusion_builder_column_1_3 1_3 fusion-one-third fusion-column-first\" style=\"--awb-bg-size:cover;width:33.333333333333%;width:calc(33.333333333333% - ( ( 4% + 4% ) * 0.33333333333333 ) );margin-right: 4%;\"><div class=\"fusion-column-wrapper fusion-flex-column-wrapper-legacy\"><div class=\"fusion-sep-clear\"><\/div><div class=\"fusion-separator fusion-clearfix\" style=\"float:left;width:100%;max-width:50px;\"><div class=\"fusion-separator-border sep-single sep-solid\" style=\"--awb-height:20px;--awb-amount:20px;--awb-sep-color:#49c0e9;border-color:#49c0e9;border-top-width:4px;\"><\/div><\/div><div class=\"fusion-sep-clear\"><\/div><div class=\"fusion-text fusion-text-1\"><h1><strong>Impressum<\/strong><\/h1>\n<\/div><div class=\"fusion-clearfix\"><\/div><\/div><\/div><div class=\"fusion-layout-column fusion_builder_column fusion-builder-column-1 fusion_builder_column_1_3 1_3 fusion-one-third\" style=\"--awb-bg-size:cover;width:33.333333333333%;width:calc(33.333333333333% - ( ( 4% + 4% ) * 0.33333333333333 ) );margin-right: 4%;\"><div class=\"fusion-column-wrapper fusion-flex-column-wrapper-legacy\"><div class=\"fusion-text fusion-text-2\"><div class=\"fusion-text\">\n<p><strong>Fahrner Logistics spol. s r.o.<\/strong><br \/>\nMikul\u00e1\u0161sk\u00e1 422\/7<br \/>\nV\u00fdchodn\u00ed P\u0159edm\u011bst\u00ed, 326 00 Plze\u0148<\/p>\n<p><strong>Vertretungsberechtigte Gesch\u00e4ftsf\u00fchrer:<\/strong><br \/>\nDieter Fahrner<\/p>\n<\/div>\n<\/div><div class=\"fusion-sep-clear\"><\/div><div class=\"fusion-separator fusion-full-width-sep\" style=\"margin-left: auto;margin-right: auto;margin-bottom:20px;width:100%;\"><div class=\"fusion-separator-border sep-single sep-solid\" style=\"--awb-height:20px;--awb-amount:20px;border-color:#e0dede;border-top-width:1px;\"><\/div><\/div><div class=\"fusion-sep-clear\"><\/div><div class=\"fusion-text fusion-text-3\"><div class=\"fusion-text\">\n<p><strong>FAHRNER LOGISTIKA dru\u017eba za promet in logistiko d.o.o.<\/strong><br \/>\nNa produ 90<br \/>\n2391 Prevalje<\/p>\n<p><strong>Vertretungsberechtigte Gesch\u00e4ftsf\u00fchrer:<\/strong><br \/>\nDieter Fahrner<br \/>\nThomas Brenner<\/p>\n<p><strong>Inhaltlich Verantwortlicher<\/strong><br \/>\ngem\u00e4\u00df \u00a7 55 Abs. 2 RStV:<br \/>\nDieter Fahrner<\/p>\n<\/div>\n<div class=\"fusion-text\"><\/div>\n<\/div><div class=\"fusion-sep-clear\"><\/div><div class=\"fusion-separator fusion-full-width-sep\" style=\"margin-left: auto;margin-right: auto;margin-bottom:20px;width:100%;\"><div class=\"fusion-separator-border sep-single sep-solid\" style=\"--awb-height:20px;--awb-amount:20px;border-color:#e0dede;border-top-width:1px;\"><\/div><\/div><div class=\"fusion-sep-clear\"><\/div><div class=\"fusion-text fusion-text-4\"><div class=\"fusion-text\">\n<p><strong>FAHRNER TRANSPORTS Sas<\/strong><br \/>\n6 rue du Rheinfeld<br \/>\n67100 Strasbourg<\/p>\n<p>Telefon <span class=\"\" lang=\"DE\">+ 33 3 88 40 07 04<\/span><span class=\"\" lang=\"DE\"><br class=\"\" \/><\/span>Telefax\u00a0<span class=\"\" lang=\"DE\">+33 3 88 40 15 21<\/span><\/p>\n<p><span class=\"\" lang=\"DE\">francisknopf@fahrnerlogistics.com<\/span><span class=\"\" lang=\"DE\"><br class=\"\" \/><\/span><span class=\"\" lang=\"DE\">fahrnerlogistics.com<\/span><\/p>\n<p><strong>Vertretungsberechtigte Gesch\u00e4ftsf\u00fchrer:<\/strong><br \/>\nDieter Fahrner<br \/>\n<span class=\"\" lang=\"DE\">Francis Knopf<\/span><\/p>\n<p><strong>Inhaltlich Verantwortlicher<\/strong><br \/>\ngem\u00e4\u00df \u00a7 55 Abs. 2 RStV:<br \/>\nDieter Fahrne<\/p>\n<p><strong>Registergericht:<\/strong> <span class=\"\" lang=\"DE\">RCS Strasbourg<\/span><br \/>\n<strong>Registernummer:<\/strong>\u00a0<span class=\"\" lang=\"DE\">750 786 121 000 12<\/span><\/p>\n<p><strong>Umsatzsteuer-Identifikationsnummer<\/strong><br \/>\n<strong>gem\u00e4\u00df \u00a7 27 a Umsatzsteuergesetz:<\/strong><br \/>\n<span class=\"\" lang=\"DE\">FR42750786121<\/span><\/p>\n<\/div>\n<div class=\"fusion-text\"><\/div>\n<\/div><div class=\"fusion-sep-clear\"><\/div><div class=\"fusion-separator fusion-full-width-sep\" style=\"margin-left: auto;margin-right: auto;margin-bottom:20px;width:100%;\"><div class=\"fusion-separator-border sep-single sep-solid\" style=\"--awb-height:20px;--awb-amount:20px;border-color:#e0dede;border-top-width:1px;\"><\/div><\/div><div class=\"fusion-sep-clear\"><\/div><div class=\"fusion-text fusion-text-5\"><div class=\"fusion-text\">\n<p><strong>FAHRNER IBERIA S.L.<\/strong><br \/>\nAvda. Port\u00b4s de Europa , n\u00ba 100<br \/>\nES-08040 Barcelona ( ZAL )<\/p>\n<p><strong>Handelsregistereintrag<\/strong>:<br \/>\nTomo 31853<br \/>\nFolio 47 Hoja n\u00ba B-198620<\/p>\n<p><strong>CIF-Ust ID:<\/strong><br \/>\nESB-62016894<\/p>\n<\/div>\n<div class=\"fusion-text\"><\/div>\n<\/div><div class=\"fusion-clearfix\"><\/div><\/div><\/div><div class=\"fusion-layout-column fusion_builder_column fusion-builder-column-2 fusion_builder_column_1_3 1_3 fusion-one-third fusion-column-last\" style=\"--awb-bg-size:cover;width:33.333333333333%;width:calc(33.333333333333% - ( ( 4% + 4% ) * 0.33333333333333 ) );\"><div class=\"fusion-column-wrapper fusion-flex-column-wrapper-legacy\"><div class=\"fusion-text fusion-text-6\"><p><strong>Bildrechte:<br \/>\n<\/strong>Spedition Fahrner GmbH<br \/>\nFahrner Logistics Services GmbH<br \/>\nFahrner Network GmbH<br \/>\nFahrner Academy GmbH<br \/>\nM\u00fcller Werbung Freudenstadt<br \/>\nFotolia<\/p>\n<\/div><div class=\"fusion-text fusion-text-7\"><p><strong>Design &amp; Umsetzung:<br \/>\n<\/strong>M\u00fcller Werbung Freudenstadt<br \/>\nKarl-von-Hahn-Stra\u00dfe 1<br \/>\n72250 Freudenstadt<br \/>\nTelefon +49 (0)74418910<br \/>\ninfo@mueller-werbung.com<br \/>\n<a title=\"M\u00fcller Werbung Freudenstadt\" href=\"https:\/\/www.mueller-werbung.com\" target=\"_blank\" rel=\"noopener\">www.mueller-werbung.com<\/a><\/p>\n<\/div><div class=\"fusion-clearfix\"><\/div><\/div><\/div><\/div><\/div>\n","protected":false},"excerpt":{"rendered":"","protected":false},"author":1,"featured_media":0,"parent":0,"menu_order":0,"comment_status":"closed","ping_status":"closed","template":"","meta":{"footnotes":"","_links_to":"","_links_to_target":""},"aioseo_notices":[],"_links":{"self":[{"href":"https:\/\/fahrnerlogistics.com\/auslandsgesellschaften\/wp-json\/wp\/v2\/pages\/17"}],"collection":[{"href":"https:\/\/fahrnerlogistics.com\/auslandsgesellschaften\/wp-json\/wp\/v2\/pages"}],"about":[{"href":"https:\/\/fahrnerlogistics.com\/auslandsgesellschaften\/wp-json\/wp\/v2\/types\/page"}],"author":[{"embeddable":true,"href":"https:\/\/fahrnerlogistics.com\/auslandsgesellschaften\/wp-json\/wp\/v2\/users\/1"}],"replies":[{"embeddable":true,"href":"https:\/\/fahrnerlogistics.com\/auslandsgesellschaften\/wp-json\/wp\/v2\/comments?post=17"}],"version-history":[{"count":10,"href":"https:\/\/fahrnerlogistics.com\/auslandsgesellschaften\/wp-json\/wp\/v2\/pages\/17\/revisions"}],"predecessor-version":[{"id":92,"href":"https:\/\/fahrnerlogistics.com\/auslandsgesellschaften\/wp-json\/wp\/v2\/pages\/17\/revisions\/92"}],"wp:attachment":[{"href":"https:\/\/fahrnerlogistics.com\/auslandsgesellschaften\/wp-json\/wp\/v2\/media?parent=17"}],"curies":[{"name":"wp","href":"https:\/\/api.w.org\/{rel}","templated":true}]}}