{"id":4,"date":"2018-03-27T11:36:46","date_gmt":"2018-03-27T09:36:46","guid":{"rendered":"https:\/\/fahrnerlogistics.com\/contract-logistics\/?page_id=4"},"modified":"2018-07-06T14:56:50","modified_gmt":"2018-07-06T12:56:50","slug":"home","status":"publish","type":"page","link":"https:\/\/fahrnerlogistics.com\/contract-logistics\/","title":{"rendered":"Home"},"content":{"rendered":"<p><div class=\"fusion-fullwidth fullwidth-box fusion-builder-row-1 nonhundred-percent-fullwidth non-hundred-percent-height-scrolling\" style=\"--awb-border-radius-top-left:0px;--awb-border-radius-top-right:0px;--awb-border-radius-bottom-right:0px;--awb-border-radius-bottom-left:0px;--awb-flex-wrap:wrap;\" ><div class=\"fusion-builder-row fusion-row\"><div class=\"fusion-layout-column fusion_builder_column fusion-builder-column-0 fusion_builder_column_1_1 1_1 fusion-one-full fusion-column-first fusion-column-last\" style=\"--awb-bg-size:cover;\"><div class=\"fusion-column-wrapper fusion-flex-column-wrapper-legacy\"><div class=\"fusion-image-element in-legacy-container\" style=\"--awb-caption-title-font-family:var(--h2_typography-font-family);--awb-caption-title-font-weight:var(--h2_typography-font-weight);--awb-caption-title-font-style:var(--h2_typography-font-style);--awb-caption-title-size:var(--h2_typography-font-size);--awb-caption-title-transform:var(--h2_typography-text-transform);--awb-caption-title-line-height:var(--h2_typography-line-height);--awb-caption-title-letter-spacing:var(--h2_typography-letter-spacing);\"><span class=\" fusion-imageframe imageframe-none imageframe-1 hover-type-none\"><img decoding=\"async\" width=\"1170\" height=\"580\" title=\"P4030020\" src=\"https:\/\/fahrnerlogistics.com\/contract-logistics\/wp-content\/uploads\/sites\/10\/2018\/07\/P4030020.jpg\" alt class=\"img-responsive wp-image-42\" srcset=\"https:\/\/fahrnerlogistics.com\/contract-logistics\/wp-content\/uploads\/sites\/10\/2018\/07\/P4030020-200x99.jpg 200w, https:\/\/fahrnerlogistics.com\/contract-logistics\/wp-content\/uploads\/sites\/10\/2018\/07\/P4030020-400x198.jpg 400w, https:\/\/fahrnerlogistics.com\/contract-logistics\/wp-content\/uploads\/sites\/10\/2018\/07\/P4030020-600x297.jpg 600w, https:\/\/fahrnerlogistics.com\/contract-logistics\/wp-content\/uploads\/sites\/10\/2018\/07\/P4030020-800x397.jpg 800w, https:\/\/fahrnerlogistics.com\/contract-logistics\/wp-content\/uploads\/sites\/10\/2018\/07\/P4030020.jpg 1170w\" sizes=\"(max-width: 800px) 100vw, 1170px\" \/><\/span><\/div><div class=\"fusion-sep-clear\"><\/div><div class=\"fusion-separator fusion-full-width-sep\" style=\"margin-left: auto;margin-right: auto;margin-top:35px;margin-bottom:15px;width:100%;\"><div class=\"fusion-separator-border sep-single sep-solid\" style=\"--awb-height:20px;--awb-amount:20px;border-color:#e0dede;border-top-width:1px;\"><\/div><\/div><div class=\"fusion-sep-clear\"><\/div><div class=\"fusion-clearfix\"><\/div><\/div><\/div><\/div><\/div><div class=\"fusion-fullwidth fullwidth-box fusion-builder-row-2 nonhundred-percent-fullwidth non-hundred-percent-height-scrolling\" style=\"--awb-border-radius-top-left:0px;--awb-border-radius-top-right:0px;--awb-border-radius-bottom-right:0px;--awb-border-radius-bottom-left:0px;--awb-flex-wrap:wrap;\" ><div class=\"fusion-builder-row fusion-row\"><div class=\"fusion-layout-column fusion_builder_column fusion-builder-column-1 fusion_builder_column_1_3 1_3 fusion-one-third fusion-column-first\" style=\"--awb-bg-size:cover;width:33.333333333333%;width:calc(33.333333333333% - ( ( 4% ) * 0.33333333333333 ) );margin-right: 4%;\"><div class=\"fusion-column-wrapper fusion-flex-column-wrapper-legacy\"><div class=\"fusion-sep-clear\"><\/div><div class=\"fusion-separator fusion-clearfix\" style=\"float:left;width:100%;max-width:50px;\"><div class=\"fusion-separator-border sep-single sep-solid\" style=\"--awb-height:20px;--awb-amount:20px;--awb-sep-color:#49c0e9;border-color:#49c0e9;border-top-width:4px;\"><\/div><\/div><div class=\"fusion-sep-clear\"><\/div><div class=\"fusion-text fusion-text-1\"><h1><strong>Komplett<\/strong> und<br \/>\n<strong>individuell<\/strong> gel\u00f6st.<\/h1>\n<\/div><div class=\"fusion-clearfix\"><\/div><\/div><\/div><div class=\"fusion-layout-column fusion_builder_column fusion-builder-column-2 fusion_builder_column_2_3 2_3 fusion-two-third fusion-column-last\" style=\"--awb-bg-size:cover;width:66.666666666667%;width:calc(66.666666666667% - ( ( 4% ) * 0.66666666666667 ) );\"><div class=\"fusion-column-wrapper fusion-flex-column-wrapper-legacy\"><div class=\"fusion-text fusion-text-2\"><p>Wir verwandeln Komplexit\u00e4t in die f\u00fcr Sie unkomplizierteste L\u00f6sung. Mit unserer Fahrner Kontraktlogistik. Entlang der gesamten Prozesskette binden wir unsere Kompetenzen genau dort ein, wo sie f\u00fcr Ihr Unternehmen Mehrwert erzielen. Direkt bei Ihnen vor Ort. Zuverl\u00e4ssig. Leistungsstark und produktivit\u00e4tssteigernd. Zu unserem modularen Serviceangebot geh\u00f6ren Logistik-Module wie etwa ein reaktionsschneller Shuttle-Verkehr zwischen Werk und Logistikzentrum, die unmittelbare Abnahme von Waren am Band und eine transparente Kommissionierung. Zu unserem kompletten Logistik-Handling geh\u00f6ren dar\u00fcber hinaus Dienstleistungen wie etwa die Umetikettierung, Reinigung und Verpackung sowie eine l\u00fcckenlose Qualit\u00e4tskontrolle. Wir \u00fcbernehmen f\u00fcr Sie die gesamte Dokumentenabwicklung und behalten per Container-Tracking Ihre Waren auch international im Blick.<\/p>\n<p>Fahrner Speditionsleistungen Kontraktlogistik:<\/p>\n<ul>\n<li>Komplette Logistikl\u00f6sungen entlang der gesamten Prozesskette<\/li>\n<li>Direkt beim Kunden vor Ort<\/li>\n<li>Shuttle-Service zwischen Werk und Logistikzentrum<\/li>\n<li>Dokumenten-Handling, Container-Tracking uvm.<\/li>\n<\/ul>\n<\/div><div class=\"fusion-clearfix\"><\/div><\/div><\/div><\/div><\/div><\/p>\n","protected":false},"excerpt":{"rendered":"","protected":false},"author":1,"featured_media":0,"parent":0,"menu_order":0,"comment_status":"closed","ping_status":"closed","template":"","meta":{"footnotes":"","_links_to":"","_links_to_target":""},"aioseo_notices":[],"_links":{"self":[{"href":"https:\/\/fahrnerlogistics.com\/contract-logistics\/wp-json\/wp\/v2\/pages\/4"}],"collection":[{"href":"https:\/\/fahrnerlogistics.com\/contract-logistics\/wp-json\/wp\/v2\/pages"}],"about":[{"href":"https:\/\/fahrnerlogistics.com\/contract-logistics\/wp-json\/wp\/v2\/types\/page"}],"author":[{"embeddable":true,"href":"https:\/\/fahrnerlogistics.com\/contract-logistics\/wp-json\/wp\/v2\/users\/1"}],"replies":[{"embeddable":true,"href":"https:\/\/fahrnerlogistics.com\/contract-logistics\/wp-json\/wp\/v2\/comments?post=4"}],"version-history":[{"count":5,"href":"https:\/\/fahrnerlogistics.com\/contract-logistics\/wp-json\/wp\/v2\/pages\/4\/revisions"}],"predecessor-version":[{"id":43,"href":"https:\/\/fahrnerlogistics.com\/contract-logistics\/wp-json\/wp\/v2\/pages\/4\/revisions\/43"}],"wp:attachment":[{"href":"https:\/\/fahrnerlogistics.com\/contract-logistics\/wp-json\/wp\/v2\/media?parent=4"}],"curies":[{"name":"wp","href":"https:\/\/api.w.org\/{rel}","templated":true}]}}