{"id":132,"date":"2018-06-07T11:59:14","date_gmt":"2018-06-07T09:59:14","guid":{"rendered":"https:\/\/fahrnerlogistics.com\/logistic-services\/?page_id=132"},"modified":"2023-08-24T14:34:46","modified_gmt":"2023-08-24T12:34:46","slug":"zertifikate","status":"publish","type":"page","link":"https:\/\/fahrnerlogistics.com\/logistic-services\/zertifikate\/","title":{"rendered":"Zertifikate"},"content":{"rendered":"<p><div class=\"fusion-fullwidth fullwidth-box fusion-builder-row-1 nonhundred-percent-fullwidth non-hundred-percent-height-scrolling\" style=\"--awb-border-radius-top-left:0px;--awb-border-radius-top-right:0px;--awb-border-radius-bottom-right:0px;--awb-border-radius-bottom-left:0px;--awb-flex-wrap:wrap;\" ><div class=\"fusion-builder-row fusion-row\"><div class=\"fusion-layout-column fusion_builder_column fusion-builder-column-0 fusion_builder_column_1_1 1_1 fusion-one-full fusion-column-first fusion-column-last\" style=\"--awb-bg-size:cover;\"><div class=\"fusion-column-wrapper fusion-flex-column-wrapper-legacy\"><div class=\"fusion-image-element in-legacy-container\" style=\"--awb-caption-title-font-family:var(--h2_typography-font-family);--awb-caption-title-font-weight:var(--h2_typography-font-weight);--awb-caption-title-font-style:var(--h2_typography-font-style);--awb-caption-title-size:var(--h2_typography-font-size);--awb-caption-title-transform:var(--h2_typography-text-transform);--awb-caption-title-line-height:var(--h2_typography-line-height);--awb-caption-title-letter-spacing:var(--h2_typography-letter-spacing);\"><span class=\" fusion-imageframe imageframe-none imageframe-1 hover-type-none\"><img decoding=\"async\" width=\"1170\" height=\"570\" title=\"zertifikat\" src=\"https:\/\/fahrnerlogistics.com\/logistic-services\/wp-content\/uploads\/sites\/3\/2018\/06\/zertifikat.jpg\" alt class=\"img-responsive wp-image-165\" srcset=\"https:\/\/fahrnerlogistics.com\/logistic-services\/wp-content\/uploads\/sites\/3\/2018\/06\/zertifikat-200x97.jpg 200w, https:\/\/fahrnerlogistics.com\/logistic-services\/wp-content\/uploads\/sites\/3\/2018\/06\/zertifikat-400x195.jpg 400w, https:\/\/fahrnerlogistics.com\/logistic-services\/wp-content\/uploads\/sites\/3\/2018\/06\/zertifikat-600x292.jpg 600w, https:\/\/fahrnerlogistics.com\/logistic-services\/wp-content\/uploads\/sites\/3\/2018\/06\/zertifikat-800x390.jpg 800w, https:\/\/fahrnerlogistics.com\/logistic-services\/wp-content\/uploads\/sites\/3\/2018\/06\/zertifikat.jpg 1170w\" sizes=\"(max-width: 800px) 100vw, 1170px\" \/><\/span><\/div><div class=\"fusion-sep-clear\"><\/div><div class=\"fusion-separator fusion-full-width-sep\" style=\"margin-left: auto;margin-right: auto;margin-top:35px;margin-bottom:15px;width:100%;\"><div class=\"fusion-separator-border sep-single sep-solid\" style=\"--awb-height:20px;--awb-amount:20px;border-color:#e0dede;border-top-width:1px;\"><\/div><\/div><div class=\"fusion-sep-clear\"><\/div><div class=\"fusion-clearfix\"><\/div><\/div><\/div><\/div><\/div><div class=\"fusion-fullwidth fullwidth-box fusion-builder-row-2 nonhundred-percent-fullwidth non-hundred-percent-height-scrolling\" style=\"--awb-border-radius-top-left:0px;--awb-border-radius-top-right:0px;--awb-border-radius-bottom-right:0px;--awb-border-radius-bottom-left:0px;--awb-flex-wrap:wrap;\" ><div class=\"fusion-builder-row fusion-row\"><div class=\"fusion-layout-column fusion_builder_column fusion-builder-column-1 fusion_builder_column_1_3 1_3 fusion-one-third fusion-column-first\" style=\"--awb-bg-size:cover;width:33.333333333333%;width:calc(33.333333333333% - ( ( 4% ) * 0.33333333333333 ) );margin-right: 4%;\"><div class=\"fusion-column-wrapper fusion-flex-column-wrapper-legacy\"><div class=\"fusion-sep-clear\"><\/div><div class=\"fusion-separator fusion-clearfix\" style=\"float:left;width:100%;max-width:50px;\"><div class=\"fusion-separator-border sep-single sep-solid\" style=\"--awb-height:20px;--awb-amount:20px;--awb-sep-color:#49c0e9;border-color:#49c0e9;border-top-width:4px;\"><\/div><\/div><div class=\"fusion-sep-clear\"><\/div><div class=\"fusion-text fusion-text-1\"><h1><strong>ISO 9001:2015<\/strong><\/h1>\n<h1><strong>\u00a0<\/strong><\/h1>\n<\/div><div class=\"fusion-clearfix\"><\/div><\/div><\/div><div class=\"fusion-layout-column fusion_builder_column fusion-builder-column-2 fusion_builder_column_2_3 2_3 fusion-two-third fusion-column-last\" style=\"--awb-bg-size:cover;width:66.666666666667%;width:calc(66.666666666667% - ( ( 4% ) * 0.66666666666667 ) );\"><div class=\"fusion-column-wrapper fusion-flex-column-wrapper-legacy\"><div class=\"fusion-text fusion-text-2\"><p>Wer sehr gut ist, will immer besser werden. Damit er sehr gut bleibt. F\u00fcr uns von Fahrner ist das der beste Grund, um uns an objektiven Standards zu messen und diese immer wieder zu \u00fcbertreffen. Mit unserem Qualit\u00e4tsmanagementsystem nach DIN EN ISO 9001:2015 bauen Sie auf unsere seit Jahren ausgezeichneten Gesch\u00e4ftsprozesse. Dar\u00fcber hinaus haben wir eigene Qualit\u00e4tsstandards entwickelt, die noch deutlich weiterreichen. F\u00fcr Sie und Ihre Kunden zeigt sich darin der sichtbare Beweis, dass Sie mit Fahrner Spedition immer auf dem besten Wege sind Ihre Ziele zu erreichen. Klar definierte Unternehmensleitlinien und kontrollierte Gesch\u00e4ftsprozesse schaffen die Grundlage f\u00fcr unsere einzigartige Qualit\u00e4tspolitik, die Zukunft nachhaltig gestaltet.<\/p>\n<ul>\n<li>Transparente Gesch\u00e4ftsprozesse<\/li>\n<li>Klar definierte Unternehmensziele<\/li>\n<li>Ethisches, nachhaltiges Handeln<\/li>\n<li>Messbare Qualit\u00e4t als Erfolgsfaktor f\u00fcr unsere Kunden<\/li>\n<\/ul>\n<p><a href=\"https:\/\/fahrnerlogistics.com\/logistic-services\/wp-content\/uploads\/sites\/3\/2018\/06\/ISO_FLS.pdf\" target=\"_blank\" rel=\"noopener\">Fahrner Logistics Services &#8211; ISO 9001:2015 zertifiziert: <img decoding=\"async\" class=\"alignnone wp-image-133\" src=\"https:\/\/fahrnerlogistics.com\/logistic-services\/wp-content\/uploads\/sites\/3\/2018\/06\/Adobe-Acrobat-icon.png\" alt=\"\" width=\"30\" height=\"30\" srcset=\"https:\/\/fahrnerlogistics.com\/logistic-services\/wp-content\/uploads\/sites\/3\/2018\/06\/Adobe-Acrobat-icon-66x66.png 66w, https:\/\/fahrnerlogistics.com\/logistic-services\/wp-content\/uploads\/sites\/3\/2018\/06\/Adobe-Acrobat-icon-150x150.png 150w, https:\/\/fahrnerlogistics.com\/logistic-services\/wp-content\/uploads\/sites\/3\/2018\/06\/Adobe-Acrobat-icon-200x200.png 200w, https:\/\/fahrnerlogistics.com\/logistic-services\/wp-content\/uploads\/sites\/3\/2018\/06\/Adobe-Acrobat-icon.png 256w\" sizes=\"(max-width: 30px) 100vw, 30px\" \/><\/a><\/p>\n<\/div><div class=\"fusion-clearfix\"><\/div><\/div><\/div><\/div><\/div><\/p>\n","protected":false},"excerpt":{"rendered":"","protected":false},"author":1,"featured_media":0,"parent":0,"menu_order":0,"comment_status":"closed","ping_status":"open","template":"","meta":{"footnotes":"","_links_to":"","_links_to_target":""},"aioseo_notices":[],"_links":{"self":[{"href":"https:\/\/fahrnerlogistics.com\/logistic-services\/wp-json\/wp\/v2\/pages\/132"}],"collection":[{"href":"https:\/\/fahrnerlogistics.com\/logistic-services\/wp-json\/wp\/v2\/pages"}],"about":[{"href":"https:\/\/fahrnerlogistics.com\/logistic-services\/wp-json\/wp\/v2\/types\/page"}],"author":[{"embeddable":true,"href":"https:\/\/fahrnerlogistics.com\/logistic-services\/wp-json\/wp\/v2\/users\/1"}],"replies":[{"embeddable":true,"href":"https:\/\/fahrnerlogistics.com\/logistic-services\/wp-json\/wp\/v2\/comments?post=132"}],"version-history":[{"count":11,"href":"https:\/\/fahrnerlogistics.com\/logistic-services\/wp-json\/wp\/v2\/pages\/132\/revisions"}],"predecessor-version":[{"id":233,"href":"https:\/\/fahrnerlogistics.com\/logistic-services\/wp-json\/wp\/v2\/pages\/132\/revisions\/233"}],"wp:attachment":[{"href":"https:\/\/fahrnerlogistics.com\/logistic-services\/wp-json\/wp\/v2\/media?parent=132"}],"curies":[{"name":"wp","href":"https:\/\/api.w.org\/{rel}","templated":true}]}}