{"id":21,"date":"2018-01-17T10:49:07","date_gmt":"2018-01-17T09:49:07","guid":{"rendered":"https:\/\/fahrnerlogistics.com\/logistic-services\/?page_id=21"},"modified":"2018-03-22T14:52:23","modified_gmt":"2018-03-22T13:52:23","slug":"warenwirtschaft","status":"publish","type":"page","link":"https:\/\/fahrnerlogistics.com\/logistic-services\/warenwirtschaft\/","title":{"rendered":"Warenwirtschaft"},"content":{"rendered":"<p><div class=\"fusion-fullwidth fullwidth-box fusion-builder-row-1 nonhundred-percent-fullwidth non-hundred-percent-height-scrolling\" style=\"--awb-border-radius-top-left:0px;--awb-border-radius-top-right:0px;--awb-border-radius-bottom-right:0px;--awb-border-radius-bottom-left:0px;--awb-flex-wrap:wrap;\" ><div class=\"fusion-builder-row fusion-row\"><div class=\"fusion-layout-column fusion_builder_column fusion-builder-column-0 fusion_builder_column_1_1 1_1 fusion-one-full fusion-column-first fusion-column-last\" style=\"--awb-bg-size:cover;\"><div class=\"fusion-column-wrapper fusion-flex-column-wrapper-legacy\"><div class=\"fusion-image-element in-legacy-container\" style=\"--awb-caption-title-font-family:var(--h2_typography-font-family);--awb-caption-title-font-weight:var(--h2_typography-font-weight);--awb-caption-title-font-style:var(--h2_typography-font-style);--awb-caption-title-size:var(--h2_typography-font-size);--awb-caption-title-transform:var(--h2_typography-text-transform);--awb-caption-title-line-height:var(--h2_typography-line-height);--awb-caption-title-letter-spacing:var(--h2_typography-letter-spacing);\"><span class=\" fusion-imageframe imageframe-none imageframe-1 hover-type-none\"><img decoding=\"async\" width=\"1170\" height=\"570\" title=\"logisticservices_warenwirtschaft_header\" src=\"https:\/\/fahrnerlogistics.com\/logistic-services\/wp-content\/uploads\/sites\/3\/2018\/01\/logisticservices_warenwirtschaft_header.jpg\" alt class=\"img-responsive wp-image-22\" srcset=\"https:\/\/fahrnerlogistics.com\/logistic-services\/wp-content\/uploads\/sites\/3\/2018\/01\/logisticservices_warenwirtschaft_header-200x97.jpg 200w, https:\/\/fahrnerlogistics.com\/logistic-services\/wp-content\/uploads\/sites\/3\/2018\/01\/logisticservices_warenwirtschaft_header-400x195.jpg 400w, https:\/\/fahrnerlogistics.com\/logistic-services\/wp-content\/uploads\/sites\/3\/2018\/01\/logisticservices_warenwirtschaft_header-600x292.jpg 600w, https:\/\/fahrnerlogistics.com\/logistic-services\/wp-content\/uploads\/sites\/3\/2018\/01\/logisticservices_warenwirtschaft_header-800x390.jpg 800w, https:\/\/fahrnerlogistics.com\/logistic-services\/wp-content\/uploads\/sites\/3\/2018\/01\/logisticservices_warenwirtschaft_header.jpg 1170w\" sizes=\"(max-width: 800px) 100vw, 1170px\" \/><\/span><\/div><div class=\"fusion-sep-clear\"><\/div><div class=\"fusion-separator fusion-full-width-sep\" style=\"margin-left: auto;margin-right: auto;margin-top:35px;margin-bottom:15px;width:100%;\"><div class=\"fusion-separator-border sep-single sep-solid\" style=\"--awb-height:20px;--awb-amount:20px;border-color:#e0dede;border-top-width:1px;\"><\/div><\/div><div class=\"fusion-sep-clear\"><\/div><div class=\"fusion-clearfix\"><\/div><\/div><\/div><\/div><\/div><div class=\"fusion-fullwidth fullwidth-box fusion-builder-row-2 nonhundred-percent-fullwidth non-hundred-percent-height-scrolling\" style=\"--awb-border-radius-top-left:0px;--awb-border-radius-top-right:0px;--awb-border-radius-bottom-right:0px;--awb-border-radius-bottom-left:0px;--awb-flex-wrap:wrap;\" ><div class=\"fusion-builder-row fusion-row\"><div class=\"fusion-layout-column fusion_builder_column fusion-builder-column-1 fusion_builder_column_1_3 1_3 fusion-one-third fusion-column-first\" style=\"--awb-bg-size:cover;width:33.333333333333%;width:calc(33.333333333333% - ( ( 4% ) * 0.33333333333333 ) );margin-right: 4%;\"><div class=\"fusion-column-wrapper fusion-flex-column-wrapper-legacy\"><div class=\"fusion-sep-clear\"><\/div><div class=\"fusion-separator fusion-clearfix\" style=\"float:left;width:100%;max-width:50px;\"><div class=\"fusion-separator-border sep-single sep-solid\" style=\"--awb-height:20px;--awb-amount:20px;--awb-sep-color:#49c0e9;border-color:#49c0e9;border-top-width:4px;\"><\/div><\/div><div class=\"fusion-sep-clear\"><\/div><div class=\"fusion-text fusion-text-1\"><h1><strong>Warehousing,<\/strong><br \/>\ndas wirkt<\/h1>\n<\/div><div class=\"fusion-clearfix\"><\/div><\/div><\/div><div class=\"fusion-layout-column fusion_builder_column fusion-builder-column-2 fusion_builder_column_2_3 2_3 fusion-two-third fusion-column-last\" style=\"--awb-bg-size:cover;width:66.666666666667%;width:calc(66.666666666667% - ( ( 4% ) * 0.66666666666667 ) );\"><div class=\"fusion-column-wrapper fusion-flex-column-wrapper-legacy\"><div class=\"fusion-text fusion-text-2\"><p>Die Warenwirtschaft Ihres Unternehmens unterst\u00fctzen wir mit unserem kapazit\u00e4ts- und leistungsstarken Warehousing. Eigene Fahrner Betriebsst\u00e4tten an mehreren deutschen Standorten sorgen f\u00fcr kurze Wege. Zeiteinsatz und Kosten halten wir damit so gering wie m\u00f6glich. Sorgf\u00e4ltige Kontrollen bei der Anlieferung und unsere automatische Erfassung garantieren Ihnen eine sichere Lagerung und transparente Bestandsf\u00fchrung. Das R\u00fcckgrat unserer Logistik bildet eine hoch moderne IT-gesteuerte Prozessinfrastruktur. Vollautomatische Ein- und Auslagerungsvorg\u00e4nge Ihrer Waren beschleunigen die Prozesse.<\/p>\n<p>Fahrner Logistikleistungen Warenwirtschaft:<\/p>\n<ul>\n<li>Wareneingang<\/li>\n<li>Qualit\u00e4tsmanagement<\/li>\n<li>Kommissionierung und Konfektionierung<\/li>\n<li>Seriennummern- und Chargenhandling<\/li>\n<li>Lagerung<\/li>\n<li>Cross Docking<\/li>\n<\/ul>\n<\/div><div class=\"fusion-clearfix\"><\/div><\/div><\/div><\/div><\/div><\/p>\n","protected":false},"excerpt":{"rendered":"","protected":false},"author":1,"featured_media":0,"parent":0,"menu_order":0,"comment_status":"closed","ping_status":"open","template":"","meta":{"footnotes":"","_links_to":"","_links_to_target":""},"aioseo_notices":[],"_links":{"self":[{"href":"https:\/\/fahrnerlogistics.com\/logistic-services\/wp-json\/wp\/v2\/pages\/21"}],"collection":[{"href":"https:\/\/fahrnerlogistics.com\/logistic-services\/wp-json\/wp\/v2\/pages"}],"about":[{"href":"https:\/\/fahrnerlogistics.com\/logistic-services\/wp-json\/wp\/v2\/types\/page"}],"author":[{"embeddable":true,"href":"https:\/\/fahrnerlogistics.com\/logistic-services\/wp-json\/wp\/v2\/users\/1"}],"replies":[{"embeddable":true,"href":"https:\/\/fahrnerlogistics.com\/logistic-services\/wp-json\/wp\/v2\/comments?post=21"}],"version-history":[{"count":4,"href":"https:\/\/fahrnerlogistics.com\/logistic-services\/wp-json\/wp\/v2\/pages\/21\/revisions"}],"predecessor-version":[{"id":102,"href":"https:\/\/fahrnerlogistics.com\/logistic-services\/wp-json\/wp\/v2\/pages\/21\/revisions\/102"}],"wp:attachment":[{"href":"https:\/\/fahrnerlogistics.com\/logistic-services\/wp-json\/wp\/v2\/media?parent=21"}],"curies":[{"name":"wp","href":"https:\/\/api.w.org\/{rel}","templated":true}]}}