{"id":4,"date":"2018-03-27T11:39:56","date_gmt":"2018-03-27T09:39:56","guid":{"rendered":"https:\/\/fahrnerlogistics.com\/rental-solutions\/?page_id=4"},"modified":"2023-12-05T13:38:59","modified_gmt":"2023-12-05T12:38:59","slug":"home","status":"publish","type":"page","link":"https:\/\/fahrnerlogistics.com\/rental-solutions\/","title":{"rendered":"Home"},"content":{"rendered":"<p><div class=\"fusion-fullwidth fullwidth-box fusion-builder-row-1 nonhundred-percent-fullwidth non-hundred-percent-height-scrolling\" style=\"--awb-border-radius-top-left:0px;--awb-border-radius-top-right:0px;--awb-border-radius-bottom-right:0px;--awb-border-radius-bottom-left:0px;--awb-flex-wrap:wrap;\" ><div class=\"fusion-builder-row fusion-row\"><div class=\"fusion-layout-column fusion_builder_column fusion-builder-column-0 fusion_builder_column_1_1 1_1 fusion-one-full fusion-column-first fusion-column-last\" style=\"--awb-bg-size:cover;\"><div class=\"fusion-column-wrapper fusion-flex-column-wrapper-legacy\"><div class=\"fusion-image-element in-legacy-container\" style=\"--awb-caption-title-font-family:var(--h2_typography-font-family);--awb-caption-title-font-weight:var(--h2_typography-font-weight);--awb-caption-title-font-style:var(--h2_typography-font-style);--awb-caption-title-size:var(--h2_typography-font-size);--awb-caption-title-transform:var(--h2_typography-text-transform);--awb-caption-title-line-height:var(--h2_typography-line-height);--awb-caption-title-letter-spacing:var(--h2_typography-letter-spacing);\"><span class=\" fusion-imageframe imageframe-none imageframe-1 hover-type-none\"><img decoding=\"async\" width=\"1170\" height=\"570\" title=\"DSCN0271\" src=\"https:\/\/fahrnerlogistics.com\/rental-solutions\/wp-content\/uploads\/sites\/6\/2018\/06\/DSCN0271.jpg\" alt class=\"img-responsive wp-image-44\" srcset=\"https:\/\/fahrnerlogistics.com\/rental-solutions\/wp-content\/uploads\/sites\/6\/2018\/06\/DSCN0271-200x97.jpg 200w, https:\/\/fahrnerlogistics.com\/rental-solutions\/wp-content\/uploads\/sites\/6\/2018\/06\/DSCN0271-400x195.jpg 400w, https:\/\/fahrnerlogistics.com\/rental-solutions\/wp-content\/uploads\/sites\/6\/2018\/06\/DSCN0271-600x292.jpg 600w, https:\/\/fahrnerlogistics.com\/rental-solutions\/wp-content\/uploads\/sites\/6\/2018\/06\/DSCN0271-800x390.jpg 800w, https:\/\/fahrnerlogistics.com\/rental-solutions\/wp-content\/uploads\/sites\/6\/2018\/06\/DSCN0271.jpg 1170w\" sizes=\"(max-width: 800px) 100vw, 1170px\" \/><\/span><\/div><div class=\"fusion-sep-clear\"><\/div><div class=\"fusion-separator fusion-full-width-sep\" style=\"margin-left: auto;margin-right: auto;margin-top:35px;margin-bottom:15px;width:100%;\"><div class=\"fusion-separator-border sep-single sep-solid\" style=\"--awb-height:20px;--awb-amount:20px;border-color:#e0dede;border-top-width:1px;\"><\/div><\/div><div class=\"fusion-sep-clear\"><\/div><div class=\"fusion-clearfix\"><\/div><\/div><\/div><\/div><\/div><div class=\"fusion-fullwidth fullwidth-box fusion-builder-row-2 nonhundred-percent-fullwidth non-hundred-percent-height-scrolling\" style=\"--awb-border-radius-top-left:0px;--awb-border-radius-top-right:0px;--awb-border-radius-bottom-right:0px;--awb-border-radius-bottom-left:0px;--awb-flex-wrap:wrap;\" ><div class=\"fusion-builder-row fusion-row\"><div class=\"fusion-layout-column fusion_builder_column fusion-builder-column-1 fusion_builder_column_1_3 1_3 fusion-one-third fusion-column-first\" style=\"--awb-bg-size:cover;width:33.333333333333%;width:calc(33.333333333333% - ( ( 4% ) * 0.33333333333333 ) );margin-right: 4%;\"><div class=\"fusion-column-wrapper fusion-flex-column-wrapper-legacy\"><div class=\"fusion-sep-clear\"><\/div><div class=\"fusion-separator fusion-clearfix\" style=\"float:left;width:100%;max-width:50px;\"><div class=\"fusion-separator-border sep-single sep-solid\" style=\"--awb-height:20px;--awb-amount:20px;--awb-sep-color:#49c0e9;border-color:#49c0e9;border-top-width:4px;\"><\/div><\/div><div class=\"fusion-sep-clear\"><\/div><div class=\"fusion-text fusion-text-1\"><h1>Einfach und sicher,<br \/>\n<strong>Fahrzeuge mieten<\/strong><\/h1>\n<\/div><div class=\"fusion-clearfix\"><\/div><\/div><\/div><div class=\"fusion-layout-column fusion_builder_column fusion-builder-column-2 fusion_builder_column_2_3 2_3 fusion-two-third fusion-column-last\" style=\"--awb-bg-size:cover;width:66.666666666667%;width:calc(66.666666666667% - ( ( 4% ) * 0.66666666666667 ) );\"><div class=\"fusion-column-wrapper fusion-flex-column-wrapper-legacy\"><div class=\"fusion-text fusion-text-2\"><p>Wer Spitzenzeiten souver\u00e4n meistern will, braucht einen Starken Logistik-Partner. Fahrner Spedition \u00f6ffnet Ihnen mit dem Unternehmensbereich Rental neue Ressourcen. Wenn es f\u00fcr Sie eng wird, sorgen wir f\u00fcr Entspannung. Unsere Mietfahrzeuge werden in der Regel von einem unserer Fahrer gelenkt, der Ihnen ein zus\u00e4tzliches Ma\u00df an Sicherheit bietet. Daneben besteht auch die M\u00f6glichkeit der Fahrzeug\u00fcberlassung, beispielsweise f\u00fcr Ihren flexiblen Werksverkehr.<\/p>\n<p>Mit Fahrner Rental k\u00f6nnen Sie sicher sein, \u00fcber Fahrzeuge auf dem neuesten Stand der Technik zu verf\u00fcgen. Moderne Euro 6 LKW sind mit allen aktuellen Assistenzsystemen f\u00fcr die Sicherheit von Fahrer und Fahrzeug ausgestattet. Dazu geh\u00f6ren u.a. Notbrems-, Spurhalte-, Abstandshalte- und Aufmerksamkeitsassistent sowie die Fahrstabilit\u00e4tsregelung per ESP. Zum Fahrner Standard geh\u00f6rt nat\u00fcrlich auch die regelm\u00e4\u00dfige Wartung und Pflege unserer Fahrzeuge. Und selbstverst\u00e4ndlich achten wir auf die strikte Einhaltung der regelm\u00e4\u00dfigen Fahrer-Ruhezeiten.<\/p>\n<p><strong>Fahrner Speditionsleistungen Rental:<\/strong><\/p>\n<ul>\n<li>Mehr Flexibilit\u00e4t in Spitzenzeiten<\/li>\n<li>Fahrzeuge mit oder ohne Fahrer<\/li>\n<li>H\u00f6chste Sicherheitsstandards durch modernste Fahrzeugtechnik<\/li>\n<li>Regelm\u00e4\u00dfige Wartung und Pflege<\/li>\n<\/ul>\n<\/div><div class=\"fusion-clearfix\"><\/div><\/div><\/div><\/div><\/div><\/p>\n","protected":false},"excerpt":{"rendered":"","protected":false},"author":1,"featured_media":0,"parent":0,"menu_order":0,"comment_status":"closed","ping_status":"closed","template":"","meta":{"footnotes":"","_links_to":"","_links_to_target":""},"aioseo_notices":[],"_links":{"self":[{"href":"https:\/\/fahrnerlogistics.com\/rental-solutions\/wp-json\/wp\/v2\/pages\/4"}],"collection":[{"href":"https:\/\/fahrnerlogistics.com\/rental-solutions\/wp-json\/wp\/v2\/pages"}],"about":[{"href":"https:\/\/fahrnerlogistics.com\/rental-solutions\/wp-json\/wp\/v2\/types\/page"}],"author":[{"embeddable":true,"href":"https:\/\/fahrnerlogistics.com\/rental-solutions\/wp-json\/wp\/v2\/users\/1"}],"replies":[{"embeddable":true,"href":"https:\/\/fahrnerlogistics.com\/rental-solutions\/wp-json\/wp\/v2\/comments?post=4"}],"version-history":[{"count":7,"href":"https:\/\/fahrnerlogistics.com\/rental-solutions\/wp-json\/wp\/v2\/pages\/4\/revisions"}],"predecessor-version":[{"id":68,"href":"https:\/\/fahrnerlogistics.com\/rental-solutions\/wp-json\/wp\/v2\/pages\/4\/revisions\/68"}],"wp:attachment":[{"href":"https:\/\/fahrnerlogistics.com\/rental-solutions\/wp-json\/wp\/v2\/media?parent=4"}],"curies":[{"name":"wp","href":"https:\/\/api.w.org\/{rel}","templated":true}]}}