{"id":45,"date":"2018-01-15T11:55:55","date_gmt":"2018-01-15T10:55:55","guid":{"rendered":"https:\/\/fahrnerlogistics.com\/spedition\/?page_id=45"},"modified":"2018-07-09T11:03:47","modified_gmt":"2018-07-09T09:03:47","slug":"shuttle-service","status":"publish","type":"page","link":"https:\/\/fahrnerlogistics.com\/spedition\/shuttle-service\/","title":{"rendered":"Shuttle-Verkehre"},"content":{"rendered":"<p><div class=\"fusion-fullwidth fullwidth-box fusion-builder-row-1 nonhundred-percent-fullwidth non-hundred-percent-height-scrolling\" style=\"--awb-border-radius-top-left:0px;--awb-border-radius-top-right:0px;--awb-border-radius-bottom-right:0px;--awb-border-radius-bottom-left:0px;--awb-flex-wrap:wrap;\" ><div class=\"fusion-builder-row fusion-row\"><div class=\"fusion-layout-column fusion_builder_column fusion-builder-column-0 fusion_builder_column_1_1 1_1 fusion-one-full fusion-column-first fusion-column-last\" style=\"--awb-bg-size:cover;\"><div class=\"fusion-column-wrapper fusion-flex-column-wrapper-legacy\">\n<div class=\"fusion-slider-revolution rev_slider_wrapper\">\t\t\t<!-- START Shuttle Service REVOLUTION SLIDER 6.5.31 --><p class=\"rs-p-wp-fix\"><\/p>\n\t\t\t<rs-module-wrap id=\"rev_slider_2_1_wrapper\" data-source=\"gallery\" style=\"visibility:hidden;background:transparent;padding:0;margin:0px auto;margin-top:0;margin-bottom:0;\">\n\t\t\t\t<rs-module id=\"rev_slider_2_1\" style=\"\" data-version=\"6.5.31\">\n\t\t\t\t\t<rs-slides>\n\t\t\t\t\t\t<rs-slide style=\"position: absolute;\" data-key=\"rs-7\" data-title=\"Slide\" data-anim=\"adpr:false;\">\n\t\t\t\t\t\t\t<img decoding=\"async\" src=\"\/\/fahrnerlogistics.com\/spedition\/wp-content\/plugins\/revslider\/public\/assets\/assets\/dummy.png\" alt=\"\" title=\"_MFL1177\" width=\"1170\" height=\"580\" class=\"rev-slidebg tp-rs-img rs-lazyload\" data-lazyload=\"\/\/fahrnerlogistics.com\/spedition\/wp-content\/uploads\/sites\/2\/2018\/07\/MFL1177.jpg\" data-no-retina>\n<!---->\t\t\t\t\t\t<\/rs-slide>\n\t\t\t\t\t\t<rs-slide style=\"position: absolute;\" data-key=\"rs-12\" data-title=\"Slide\" data-anim=\"adpr:false;\">\n\t\t\t\t\t\t\t<img decoding=\"async\" src=\"\/\/fahrnerlogistics.com\/spedition\/wp-content\/plugins\/revslider\/public\/assets\/assets\/dummy.png\" alt=\"\" title=\"_MFL1708\" width=\"1170\" height=\"580\" class=\"rev-slidebg tp-rs-img rs-lazyload\" data-lazyload=\"\/\/fahrnerlogistics.com\/spedition\/wp-content\/uploads\/sites\/2\/2018\/07\/MFL1708.jpg\" data-no-retina>\n<!---->\t\t\t\t\t\t<\/rs-slide>\n\t\t\t\t\t\t<rs-slide style=\"position: absolute;\" data-key=\"rs-8\" data-title=\"Slide\" data-anim=\"adpr:false;\">\n\t\t\t\t\t\t\t<img decoding=\"async\" src=\"\/\/fahrnerlogistics.com\/spedition\/wp-content\/plugins\/revslider\/public\/assets\/assets\/dummy.png\" alt=\"\" title=\"_MFL1328\" width=\"1170\" height=\"580\" class=\"rev-slidebg tp-rs-img rs-lazyload\" data-lazyload=\"\/\/fahrnerlogistics.com\/spedition\/wp-content\/uploads\/sites\/2\/2018\/07\/MFL1328.jpg\" data-no-retina>\n<!---->\t\t\t\t\t\t<\/rs-slide>\n\t\t\t\t\t<\/rs-slides>\n\t\t\t\t<\/rs-module>\n\t\t\t\t<script>\n\t\t\t\t\tsetREVStartSize({c: 'rev_slider_2_1',rl:[1240,1024,778,480],el:[],gw:[1170],gh:[580],type:'standard',justify:'',layout:'fullwidth',mh:\"0\"});if (window.RS_MODULES!==undefined && window.RS_MODULES.modules!==undefined && window.RS_MODULES.modules[\"revslider21\"]!==undefined) {window.RS_MODULES.modules[\"revslider21\"].once = false;window.revapi2 = undefined;if (window.RS_MODULES.checkMinimal!==undefined) window.RS_MODULES.checkMinimal()}\n\t\t\t\t<\/script>\n\t\t\t<\/rs-module-wrap>\n\t\t\t<!-- END REVOLUTION SLIDER -->\n<\/div><div class=\"fusion-sep-clear\"><\/div><div class=\"fusion-separator fusion-full-width-sep\" style=\"margin-left: auto;margin-right: auto;margin-top:35px;margin-bottom:15px;width:100%;\"><div class=\"fusion-separator-border sep-single sep-solid\" style=\"--awb-height:20px;--awb-amount:20px;border-color:#e0dede;border-top-width:1px;\"><\/div><\/div><div class=\"fusion-sep-clear\"><\/div><div class=\"fusion-clearfix\"><\/div><\/div><\/div><\/div><\/div><div class=\"fusion-fullwidth fullwidth-box fusion-builder-row-2 nonhundred-percent-fullwidth non-hundred-percent-height-scrolling\" style=\"--awb-border-radius-top-left:0px;--awb-border-radius-top-right:0px;--awb-border-radius-bottom-right:0px;--awb-border-radius-bottom-left:0px;--awb-flex-wrap:wrap;\" ><div class=\"fusion-builder-row fusion-row\"><div class=\"fusion-layout-column fusion_builder_column fusion-builder-column-1 fusion_builder_column_1_3 1_3 fusion-one-third fusion-column-first\" style=\"--awb-bg-size:cover;width:33.333333333333%;width:calc(33.333333333333% - ( ( 4% ) * 0.33333333333333 ) );margin-right: 4%;\"><div class=\"fusion-column-wrapper fusion-flex-column-wrapper-legacy\"><div class=\"fusion-sep-clear\"><\/div><div class=\"fusion-separator fusion-clearfix\" style=\"float:left;width:100%;max-width:50px;\"><div class=\"fusion-separator-border sep-single sep-solid\" style=\"--awb-height:20px;--awb-amount:20px;--awb-sep-color:#49c0e9;border-color:#49c0e9;border-top-width:4px;\"><\/div><\/div><div class=\"fusion-sep-clear\"><\/div><div class=\"fusion-text fusion-text-1\"><h1><strong>Wir entlasten<\/strong><br \/>\nIhre Logistik<\/h1>\n<\/div><div class=\"fusion-clearfix\"><\/div><\/div><\/div><div class=\"fusion-layout-column fusion_builder_column fusion-builder-column-2 fusion_builder_column_2_3 2_3 fusion-two-third fusion-column-last\" style=\"--awb-bg-size:cover;width:66.666666666667%;width:calc(66.666666666667% - ( ( 4% ) * 0.66666666666667 ) );\"><div class=\"fusion-column-wrapper fusion-flex-column-wrapper-legacy\"><div class=\"fusion-text fusion-text-2\"><p>Mit Fahrner konzentrieren Sie sich auf das, was f\u00fcr Sie wichtig ist und die Produktivit\u00e4t Ihres Unternehmens steigert. Denn wir entlasten Sie auf ganzer Linie. Damit Sie sich \u00fcber Themen wie Produktversorgung und Produktentsorgung keine Gedanken mehr zu machen brauchen und darin gebundene Kapazit\u00e4ten freisetzen. Unsere leistungsstarken und hoch flexiblen Shuttle-Verkehre halten Ihre Produktion rund um die Uhr am Laufen, sieben Tage die Woche, mit allem was sie ben\u00f6tigen. Rohwaren, Fertigwaren, Ladehilfsmittel. Wir nehmen Ihre Waren direkt an der Fertigungslinie in Empfang und transportieren sie auf schnellstem Wege in unsere Logistikzentren. So sparen Sie wertvolle Lagerkapazit\u00e4ten und konzentrieren Mittel dort, wo sie wirtschaftlich Wirkung zeigen.<\/p>\n<h2>Fahrner Speditionsleistungen Shuttle-Verkehre:<\/h2>\n<ul>\n<li>24\/7 Produktionsversorgung und -entsorgung<\/li>\n<li>Transporte flexibel, schnell, individuell<\/li>\n<li>Sie konzentrieren sich auf Ihr Kerngesch\u00e4ft<\/li>\n<li>Ihre Fertigung setzt Kapazit\u00e4ten frei<\/li>\n<\/ul>\n<\/div><div class=\"fusion-clearfix\"><\/div><\/div><\/div><div class=\"fusion-layout-column fusion_builder_column fusion-builder-column-3 fusion_builder_column_1_1 1_1 fusion-one-full fusion-column-first fusion-column-last\" style=\"--awb-bg-size:cover;\"><div class=\"fusion-column-wrapper fusion-flex-column-wrapper-legacy\"><div class=\"fusion-sep-clear\"><\/div><div class=\"fusion-separator fusion-full-width-sep\" style=\"margin-left: auto;margin-right: auto;margin-bottom:15px;width:100%;\"><div class=\"fusion-separator-border sep-single sep-solid\" style=\"--awb-height:20px;--awb-amount:20px;border-color:#e0dede;border-top-width:1px;\"><\/div><\/div><div class=\"fusion-sep-clear\"><\/div><div class=\"fusion-clearfix\"><\/div><\/div><\/div>\n<div class=\"fusion-layout-column fusion_builder_column fusion-builder-column-4 fusion_builder_column_1_3 1_3 fusion-one-third fusion-column-first\" style=\"--awb-bg-size:cover;width:33.333333333333%;width:calc(33.333333333333% - ( ( 4% ) * 0.33333333333333 ) );margin-right: 4%;\"><div class=\"fusion-column-wrapper fusion-flex-column-wrapper-legacy\"><div class=\"fusion-sep-clear\"><\/div><div class=\"fusion-separator fusion-clearfix\" style=\"float:left;width:100%;max-width:50px;\"><div class=\"fusion-separator-border sep-single sep-solid\" style=\"--awb-height:20px;--awb-amount:20px;--awb-sep-color:#49c0e9;border-color:#49c0e9;border-top-width:4px;\"><\/div><\/div><div class=\"fusion-sep-clear\"><\/div><div class=\"fusion-text fusion-text-3\"><h1>Komplett und<br \/>\n<strong>individuell gel\u00f6st<\/strong><\/h1>\n<\/div><div class=\"fusion-clearfix\"><\/div><\/div><\/div><div class=\"fusion-layout-column fusion_builder_column fusion-builder-column-5 fusion_builder_column_2_3 2_3 fusion-two-third fusion-column-last\" style=\"--awb-bg-size:cover;width:66.666666666667%;width:calc(66.666666666667% - ( ( 4% ) * 0.66666666666667 ) );\"><div class=\"fusion-column-wrapper fusion-flex-column-wrapper-legacy\"><div class=\"fusion-text fusion-text-4\"><p>Wir verwandeln Komplexit\u00e4t in die f\u00fcr Sie unkomplizierteste L\u00f6sung. Mit unserer Fahrner Kontraktlogistik. Entlang der gesamten Prozesskette binden wir unsere Kompetenzen genau dort ein, wo sie f\u00fcr Ihr Unternehmen Mehrwert erzielen. Direkt bei Ihnen vor Ort. Zuverl\u00e4ssig. Leistungsstark und produktivit\u00e4tssteigernd. Zu unserem modularen Serviceangebot geh\u00f6ren Logistik-Module wie etwa ein reaktionsschneller Shuttle-Verkehr zwischen Werk und Logistikzentrum, die unmittelbare Abnahme von Waren am Band und eine transparente Kommissionierung. Zu unserem kompletten Logistik-Handling geh\u00f6ren dar\u00fcber hinaus Dienstleistungen wie etwa die Umetikettierung, Reinigung und Verpackung sowie eine l\u00fcckenlose Qualit\u00e4tskontrolle. Wir \u00fcbernehmen f\u00fcr Sie die gesamte Dokumentenabwicklung und behalten per Container-Tracking Ihre Waren auch international im Blick.<\/p>\n<h2>Fahrner Speditionsleistungen Kontraktlogistik:<\/h2>\n<ul>\n<li>Komplette Logistikl\u00f6sungen entlang der gesamten Prozesskette<\/li>\n<li>Direkt beim Kunden vor Ort<\/li>\n<li>Shuttle-Service zwischen Werk und Logistikzentrum<\/li>\n<li>Dokumenten-Handling, Container-Tracking uvm.<\/li>\n<\/ul>\n<\/div><div class=\"fusion-clearfix\"><\/div><\/div><\/div><div class=\"fusion-layout-column fusion_builder_column fusion-builder-column-6 fusion_builder_column_1_1 1_1 fusion-one-full fusion-column-first fusion-column-last\" style=\"--awb-bg-size:cover;\"><div class=\"fusion-column-wrapper fusion-flex-column-wrapper-legacy\"><div class=\"fusion-sep-clear\"><\/div><div class=\"fusion-separator fusion-full-width-sep\" style=\"margin-left: auto;margin-right: auto;margin-bottom:15px;width:100%;\"><div class=\"fusion-separator-border sep-single sep-solid\" style=\"--awb-height:20px;--awb-amount:20px;border-color:#e0dede;border-top-width:1px;\"><\/div><\/div><div class=\"fusion-sep-clear\"><\/div><div class=\"fusion-clearfix\"><\/div><\/div><\/div>\n<div class=\"fusion-layout-column fusion_builder_column fusion-builder-column-7 fusion_builder_column_1_3 1_3 fusion-one-third fusion-column-first\" style=\"--awb-bg-size:cover;width:33.333333333333%;width:calc(33.333333333333% - ( ( 4% ) * 0.33333333333333 ) );margin-right: 4%;\"><div class=\"fusion-column-wrapper fusion-flex-column-wrapper-legacy\"><div class=\"fusion-sep-clear\"><\/div><div class=\"fusion-separator fusion-clearfix\" style=\"float:left;width:100%;max-width:50px;\"><div class=\"fusion-separator-border sep-single sep-solid\" style=\"--awb-height:20px;--awb-amount:20px;--awb-sep-color:#49c0e9;border-color:#49c0e9;border-top-width:4px;\"><\/div><\/div><div class=\"fusion-sep-clear\"><\/div><div class=\"fusion-text fusion-text-5\"><h1>In <strong>Spitzenzeiten<br \/>\nSpitzenleistung<\/strong><\/h1>\n<\/div><div class=\"fusion-clearfix\"><\/div><\/div><\/div><div class=\"fusion-layout-column fusion_builder_column fusion-builder-column-8 fusion_builder_column_2_3 2_3 fusion-two-third fusion-column-last\" style=\"--awb-bg-size:cover;width:66.666666666667%;width:calc(66.666666666667% - ( ( 4% ) * 0.66666666666667 ) );\"><div class=\"fusion-column-wrapper fusion-flex-column-wrapper-legacy\"><div class=\"fusion-text fusion-text-6\"><p>Logistikl\u00f6sungen von Fahrner gehen Hand in Hand mit Ihren Marktanforderungen und Unternehmensstrukturen. Wir docken unsere Transport- und Logistikleistungen genau dort an, wo wir f\u00fcr Sie Mehrwert erzielen k\u00f6nnen. Zuverl\u00e4ssig. Flexibel. Und effizient. Auch zu Spitzenzeiten bleiben Ihre Prozesse so im gr\u00fcnen Bereich und dank unserer Logistik immer in Bewegung. Wir entwerfen perfekt auf Ihre Anforderungen zugeschnittenen Distributionskonzepte \u2013 Just in Time \/ Just in Sequence. Die Kombination aus erfahrenen Fahrner-Disponenten mit modernsten Telematik- und Kommunikationssystemen garantieren Ihnen Schnelligkeit und Sicherheit bis direkt an Ihre Fertigungslinie.<\/p>\n<h2>Fahrner Speditionsleistungen Just in Time \/ Just in Sequence:<\/h2>\n<ul>\n<li>Zeitkritische Sendungen bringen wir zuverl\u00e4ssig und sicher ans Ziel<\/li>\n<li>Filial- und Betriebsst\u00e4ttenversorgung, Abdeckung saisonaler Spitzen<\/li>\n<li>Belieferung auch an Sonn- und Feiertagen<\/li>\n<li>Einbindung von Lieferprozessen direkt in Ihren Produktionsablauf<\/li>\n<\/ul>\n<\/div><div class=\"fusion-clearfix\"><\/div><\/div><\/div><div class=\"fusion-layout-column fusion_builder_column fusion-builder-column-9 fusion_builder_column_1_1 1_1 fusion-one-full fusion-column-first fusion-column-last\" style=\"--awb-bg-size:cover;\"><div class=\"fusion-column-wrapper fusion-flex-column-wrapper-legacy\"><div class=\"fusion-sep-clear\"><\/div><div class=\"fusion-separator fusion-full-width-sep\" style=\"margin-left: auto;margin-right: auto;margin-bottom:15px;width:100%;\"><div class=\"fusion-separator-border sep-single sep-solid\" style=\"--awb-height:20px;--awb-amount:20px;border-color:#e0dede;border-top-width:1px;\"><\/div><\/div><div class=\"fusion-sep-clear\"><\/div><div class=\"fusion-clearfix\"><\/div><\/div><\/div>\n<div class=\"fusion-layout-column fusion_builder_column fusion-builder-column-10 fusion_builder_column_1_3 1_3 fusion-one-third fusion-column-first\" style=\"--awb-bg-size:cover;width:33.333333333333%;width:calc(33.333333333333% - ( ( 4% ) * 0.33333333333333 ) );margin-right: 4%;\"><div class=\"fusion-column-wrapper fusion-flex-column-wrapper-legacy\"><div class=\"fusion-sep-clear\"><\/div><div class=\"fusion-separator fusion-clearfix\" style=\"float:left;width:100%;max-width:50px;\"><div class=\"fusion-separator-border sep-single sep-solid\" style=\"--awb-height:20px;--awb-amount:20px;--awb-sep-color:#49c0e9;border-color:#49c0e9;border-top-width:4px;\"><\/div><\/div><div class=\"fusion-sep-clear\"><\/div><div class=\"fusion-text fusion-text-7\"><h1><strong>Mit Sicherheit<br \/>\n<\/strong>am St\u00fcck<\/h1>\n<\/div><div class=\"fusion-clearfix\"><\/div><\/div><\/div><div class=\"fusion-layout-column fusion_builder_column fusion-builder-column-11 fusion_builder_column_2_3 2_3 fusion-two-third fusion-column-last\" style=\"--awb-bg-size:cover;width:66.666666666667%;width:calc(66.666666666667% - ( ( 4% ) * 0.66666666666667 ) );\"><div class=\"fusion-column-wrapper fusion-flex-column-wrapper-legacy\"><div class=\"fusion-text fusion-text-8\"><p>St\u00fcckguttransport mit Fahrner Spedition bedeutet f\u00fcr Sie vor allem eines: Das Wissen, dass Ihre G\u00fcter schnell und wohlbehalten ihr Ziel erreichen. Hierf\u00fcr sorgen wir mit modernen Ladel\u00f6sungen und einer intelligenten Logistik, die Umladevorg\u00e4nge auf ein Minimum reduziert. Bis hin zur geschlossenen Logistikkette, frei von Fahrzeugwechseln. So erf\u00fcllen wir Ihre Anforderungen auch im kleinen Rahmen mit gro\u00dfer Qualit\u00e4t und Verantwortung. Europaweit auch mit zuverl\u00e4ssigen Netzwerkpartnern.<\/p>\n<h2>Fahrner Speditionsleistungen St\u00fcckgut:<\/h2>\n<ul>\n<li>Schnelle Verbindung zwischen Beschaffungs- und Absatzm\u00e4rkten<\/li>\n<li>Sicherer und schneller Transport auch von kleinen Mengen<\/li>\n<li>Hohe Transportqualit\u00e4t<\/li>\n<li>Minimierung von Umladevorg\u00e4ngen durch intelligente Transportlogistik<\/li>\n<\/ul>\n<\/div><div class=\"fusion-clearfix\"><\/div><\/div><\/div><\/div><\/div><\/p>\n","protected":false},"excerpt":{"rendered":"","protected":false},"author":1,"featured_media":0,"parent":0,"menu_order":0,"comment_status":"closed","ping_status":"closed","template":"","meta":{"footnotes":"","_links_to":"","_links_to_target":""},"aioseo_notices":[],"_links":{"self":[{"href":"https:\/\/fahrnerlogistics.com\/spedition\/wp-json\/wp\/v2\/pages\/45"}],"collection":[{"href":"https:\/\/fahrnerlogistics.com\/spedition\/wp-json\/wp\/v2\/pages"}],"about":[{"href":"https:\/\/fahrnerlogistics.com\/spedition\/wp-json\/wp\/v2\/types\/page"}],"author":[{"embeddable":true,"href":"https:\/\/fahrnerlogistics.com\/spedition\/wp-json\/wp\/v2\/users\/1"}],"replies":[{"embeddable":true,"href":"https:\/\/fahrnerlogistics.com\/spedition\/wp-json\/wp\/v2\/comments?post=45"}],"version-history":[{"count":10,"href":"https:\/\/fahrnerlogistics.com\/spedition\/wp-json\/wp\/v2\/pages\/45\/revisions"}],"predecessor-version":[{"id":284,"href":"https:\/\/fahrnerlogistics.com\/spedition\/wp-json\/wp\/v2\/pages\/45\/revisions\/284"}],"wp:attachment":[{"href":"https:\/\/fahrnerlogistics.com\/spedition\/wp-json\/wp\/v2\/media?parent=45"}],"curies":[{"name":"wp","href":"https:\/\/api.w.org\/{rel}","templated":true}]}}