{"id":51,"date":"2018-01-15T12:00:20","date_gmt":"2018-01-15T11:00:20","guid":{"rendered":"https:\/\/fahrnerlogistics.com\/spedition\/?page_id=51"},"modified":"2026-01-07T07:41:50","modified_gmt":"2026-01-07T06:41:50","slug":"zertifizierungen","status":"publish","type":"page","link":"https:\/\/fahrnerlogistics.com\/spedition\/zertifizierungen\/","title":{"rendered":"Zertifizierungen"},"content":{"rendered":"<p><div class=\"fusion-fullwidth fullwidth-box fusion-builder-row-1 nonhundred-percent-fullwidth non-hundred-percent-height-scrolling\" style=\"--awb-border-radius-top-left:0px;--awb-border-radius-top-right:0px;--awb-border-radius-bottom-right:0px;--awb-border-radius-bottom-left:0px;--awb-flex-wrap:wrap;\" ><div class=\"fusion-builder-row fusion-row\"><div class=\"fusion-layout-column fusion_builder_column fusion-builder-column-0 fusion_builder_column_1_1 1_1 fusion-one-full fusion-column-first fusion-column-last\" style=\"--awb-bg-size:cover;\"><div class=\"fusion-column-wrapper fusion-flex-column-wrapper-legacy\"><div class=\"fusion-image-element in-legacy-container\" style=\"--awb-caption-title-font-family:var(--h2_typography-font-family);--awb-caption-title-font-weight:var(--h2_typography-font-weight);--awb-caption-title-font-style:var(--h2_typography-font-style);--awb-caption-title-size:var(--h2_typography-font-size);--awb-caption-title-transform:var(--h2_typography-text-transform);--awb-caption-title-line-height:var(--h2_typography-line-height);--awb-caption-title-letter-spacing:var(--h2_typography-letter-spacing);\"><span class=\" fusion-imageframe imageframe-none imageframe-1 hover-type-none\"><img decoding=\"async\" width=\"1170\" height=\"570\" title=\"zertifikat\" src=\"https:\/\/fahrnerlogistics.com\/spedition\/wp-content\/uploads\/sites\/2\/2018\/06\/zertifikat.jpg\" alt class=\"img-responsive wp-image-267\" srcset=\"https:\/\/fahrnerlogistics.com\/spedition\/wp-content\/uploads\/sites\/2\/2018\/06\/zertifikat-200x97.jpg 200w, https:\/\/fahrnerlogistics.com\/spedition\/wp-content\/uploads\/sites\/2\/2018\/06\/zertifikat-400x195.jpg 400w, https:\/\/fahrnerlogistics.com\/spedition\/wp-content\/uploads\/sites\/2\/2018\/06\/zertifikat-600x292.jpg 600w, https:\/\/fahrnerlogistics.com\/spedition\/wp-content\/uploads\/sites\/2\/2018\/06\/zertifikat-800x390.jpg 800w, https:\/\/fahrnerlogistics.com\/spedition\/wp-content\/uploads\/sites\/2\/2018\/06\/zertifikat.jpg 1170w\" sizes=\"(max-width: 800px) 100vw, 1170px\" \/><\/span><\/div><div class=\"fusion-sep-clear\"><\/div><div class=\"fusion-separator fusion-full-width-sep\" style=\"margin-left: auto;margin-right: auto;margin-top:35px;margin-bottom:15px;width:100%;\"><div class=\"fusion-separator-border sep-single sep-solid\" style=\"--awb-height:20px;--awb-amount:20px;border-color:#e0dede;border-top-width:1px;\"><\/div><\/div><div class=\"fusion-sep-clear\"><\/div><div class=\"fusion-clearfix\"><\/div><\/div><\/div><\/div><\/div><div class=\"fusion-fullwidth fullwidth-box fusion-builder-row-2 nonhundred-percent-fullwidth non-hundred-percent-height-scrolling\" style=\"--awb-border-radius-top-left:0px;--awb-border-radius-top-right:0px;--awb-border-radius-bottom-right:0px;--awb-border-radius-bottom-left:0px;--awb-flex-wrap:wrap;\" ><div class=\"fusion-builder-row fusion-row\"><div class=\"fusion-layout-column fusion_builder_column fusion-builder-column-1 fusion_builder_column_1_3 1_3 fusion-one-third fusion-column-first\" style=\"--awb-bg-size:cover;width:33.333333333333%;width:calc(33.333333333333% - ( ( 4% ) * 0.33333333333333 ) );margin-right: 4%;\"><div class=\"fusion-column-wrapper fusion-flex-column-wrapper-legacy\"><div class=\"fusion-sep-clear\"><\/div><div class=\"fusion-separator fusion-clearfix\" style=\"float:left;width:100%;max-width:50px;\"><div class=\"fusion-separator-border sep-single sep-solid\" style=\"--awb-height:20px;--awb-amount:20px;--awb-sep-color:#49c0e9;border-color:#49c0e9;border-top-width:4px;\"><\/div><\/div><div class=\"fusion-sep-clear\"><\/div><div class=\"fusion-text fusion-text-1\"><h1>Immer auf dem<br \/>\n<strong>besten Weg<\/strong><\/h1>\n<\/div><div class=\"fusion-clearfix\"><\/div><\/div><\/div><div class=\"fusion-layout-column fusion_builder_column fusion-builder-column-2 fusion_builder_column_2_3 2_3 fusion-two-third fusion-column-last\" style=\"--awb-bg-size:cover;width:66.666666666667%;width:calc(66.666666666667% - ( ( 4% ) * 0.66666666666667 ) );\"><div class=\"fusion-column-wrapper fusion-flex-column-wrapper-legacy\"><div class=\"fusion-text fusion-text-2\"><p>Wer sehr gut ist, will immer besser werden. Damit er sehr gut bleibt. F\u00fcr uns von Fahrner ist das der beste Grund, um uns an objektiven Standards zu messen und diese immer wieder zu \u00fcbertreffen. Mit unserem Qualit\u00e4tsmanagementsystem nach DIN EN ISO 9001:2015 bauen Sie auf unsere seit Jahren ausgezeichneten Gesch\u00e4ftsprozesse. Dar\u00fcber hinaus haben wir eigene Qualit\u00e4tsstandards entwickelt, die noch deutlich weiterreichen. F\u00fcr Sie und Ihre Kunden zeigt sich darin der sichtbare Beweis, dass Sie mit Fahrner Spedition immer auf dem besten Wege sind Ihre Ziele zu erreichen. Klar definierte Unternehmensleitlinien und kontrollierte Gesch\u00e4ftsprozesse schaffen die Grundlage f\u00fcr unsere einzigartige Qualit\u00e4tspolitik, die Zukunft nachhaltig gestaltet.<\/p>\n<ul>\n<li>Transparente Gesch\u00e4ftsprozesse<\/li>\n<li>Klar definierte Unternehmensziele<\/li>\n<li>Ethisches, nachhaltiges Handeln<\/li>\n<li>Messbare Qualit\u00e4t als Erfolgsfaktor f\u00fcr unsere Kunden<\/li>\n<\/ul>\n<p><a href=\"https:\/\/fahrnerlogistics.com\/spedition\/wp-content\/uploads\/sites\/2\/2018\/06\/Fahrner-Zertifikat.pdf\" target=\"_blank\" rel=\"noopener\">Fahrner Speditionsleistungen DIN EN ISO 9001:2015 zertifiziert:\u00a0 <img decoding=\"async\" class=\"alignnone wp-image-214\" src=\"https:\/\/fahrnerlogistics.com\/spedition\/wp-content\/uploads\/sites\/2\/2018\/06\/Adobe-Acrobat-icon-150x150.png\" alt=\"\" width=\"30\" height=\"30\" srcset=\"https:\/\/fahrnerlogistics.com\/spedition\/wp-content\/uploads\/sites\/2\/2018\/06\/Adobe-Acrobat-icon-66x66.png 66w, https:\/\/fahrnerlogistics.com\/spedition\/wp-content\/uploads\/sites\/2\/2018\/06\/Adobe-Acrobat-icon-150x150.png 150w, https:\/\/fahrnerlogistics.com\/spedition\/wp-content\/uploads\/sites\/2\/2018\/06\/Adobe-Acrobat-icon-200x200.png 200w, https:\/\/fahrnerlogistics.com\/spedition\/wp-content\/uploads\/sites\/2\/2018\/06\/Adobe-Acrobat-icon.png 256w\" sizes=\"(max-width: 30px) 100vw, 30px\" \/><\/a><\/p>\n<\/div><div class=\"fusion-clearfix\"><\/div><\/div><\/div><\/div><\/div><div class=\"fusion-fullwidth fullwidth-box fusion-builder-row-3 nonhundred-percent-fullwidth non-hundred-percent-height-scrolling\" style=\"--awb-border-radius-top-left:0px;--awb-border-radius-top-right:0px;--awb-border-radius-bottom-right:0px;--awb-border-radius-bottom-left:0px;--awb-flex-wrap:wrap;\" ><div class=\"fusion-builder-row fusion-row\"><div class=\"fusion-layout-column fusion_builder_column fusion-builder-column-3 fusion_builder_column_1_1 1_1 fusion-one-full fusion-column-first fusion-column-last\" style=\"--awb-bg-size:cover;\"><div class=\"fusion-column-wrapper fusion-flex-column-wrapper-legacy\"><div class=\"fusion-sep-clear\"><\/div><div class=\"fusion-separator fusion-full-width-sep\" style=\"margin-left: auto;margin-right: auto;margin-bottom:15px;width:100%;\"><div class=\"fusion-separator-border sep-single sep-solid\" style=\"--awb-height:20px;--awb-amount:20px;border-color:#e0dede;border-top-width:1px;\"><\/div><\/div><div class=\"fusion-sep-clear\"><\/div><div class=\"fusion-clearfix\"><\/div><\/div><\/div><div class=\"fusion-layout-column fusion_builder_column fusion-builder-column-4 fusion_builder_column_1_3 1_3 fusion-one-third fusion-column-first\" style=\"--awb-bg-size:cover;width:33.333333333333%;width:calc(33.333333333333% - ( ( 4% ) * 0.33333333333333 ) );margin-right: 4%;\"><div class=\"fusion-column-wrapper fusion-flex-column-wrapper-legacy\"><div class=\"fusion-sep-clear\"><\/div><div class=\"fusion-separator fusion-clearfix\" style=\"float:left;width:100%;max-width:50px;\"><div class=\"fusion-separator-border sep-single sep-solid\" style=\"--awb-height:20px;--awb-amount:20px;--awb-sep-color:#49c0e9;border-color:#49c0e9;border-top-width:4px;\"><\/div><\/div><div class=\"fusion-sep-clear\"><\/div><div class=\"fusion-text fusion-text-3\"><h1>Mit uns bleiben<br \/>\n<strong>Sie sauber<\/strong><\/h1>\n<\/div><div class=\"fusion-clearfix\"><\/div><\/div><\/div><div class=\"fusion-layout-column fusion_builder_column fusion-builder-column-5 fusion_builder_column_2_3 2_3 fusion-two-third fusion-column-last\" style=\"--awb-bg-size:cover;width:66.666666666667%;width:calc(66.666666666667% - ( ( 4% ) * 0.66666666666667 ) );\"><div class=\"fusion-column-wrapper fusion-flex-column-wrapper-legacy\"><div class=\"fusion-text fusion-text-4\"><p>Weil wir gesetzliche Standards nicht in jedem Fall f\u00fcr ausreichen halten, legen wir an uns selbst freiwillig h\u00f6here Ma\u00dfst\u00e4be an. So auch beim Risikomanagement hygienesensibler Produkte. Seit 2007 wird Fahrner j\u00e4hrlich mit dem begehrten IFS-G\u00fctesiegel ausgezeichnet. Innerhalb unserer Gesch\u00e4ftsfelder als eines von nur wenigen Logistikunternehmen. F\u00fcr uns ist der h\u00f6chste Anspruch beim Transport und der Lagerung von Lebensmitteln eine Selbstverst\u00e4ndlichkeit. Hinzu kommt innerhalb der von Fahrner angewandten Hygienestandards das HACCP-System der Gef\u00e4hrdungsanalyse kritischer Lenkungspunkte im Umgang mit Lebensmitteln. Mit Fahrner k\u00f6nnen Sie und Ihre Kunden sich auf 100 Prozent Sauberkeit und Hygiene verlassen.<\/p>\n<h2>Fahrner Speditionsleistungen IFS Logistics:<\/h2>\n<ul>\n<li>IFS-G\u00fctesiegel seit 2007<\/li>\n<li>J\u00e4hrliche Kontrolle f\u00fcr gleichbleibend hohes Hygieneniveau<\/li>\n<li>Hohe Sicherheit in der Lebensmittel-Logistik<\/li>\n<li>Verbraucherschutz auf h\u00f6chstem Niveau<\/li>\n<\/ul>\n<p><a href=\"https:\/\/fahrnerlogistics.com\/spedition\/wp-content\/uploads\/sites\/2\/2026\/01\/IFS_Zertifikat_L-59197-2025-12-11.pdf\" target=\"_blank\" rel=\"noopener\">IFS Zertifikat <img decoding=\"async\" class=\"alignnone wp-image-214\" src=\"https:\/\/fahrnerlogistics.com\/spedition\/wp-content\/uploads\/sites\/2\/2018\/06\/Adobe-Acrobat-icon.png\" alt=\"\" width=\"30\" height=\"30\" srcset=\"https:\/\/fahrnerlogistics.com\/spedition\/wp-content\/uploads\/sites\/2\/2018\/06\/Adobe-Acrobat-icon-66x66.png 66w, https:\/\/fahrnerlogistics.com\/spedition\/wp-content\/uploads\/sites\/2\/2018\/06\/Adobe-Acrobat-icon-150x150.png 150w, https:\/\/fahrnerlogistics.com\/spedition\/wp-content\/uploads\/sites\/2\/2018\/06\/Adobe-Acrobat-icon-200x200.png 200w, https:\/\/fahrnerlogistics.com\/spedition\/wp-content\/uploads\/sites\/2\/2018\/06\/Adobe-Acrobat-icon.png 256w\" sizes=\"(max-width: 30px) 100vw, 30px\" \/><\/a><\/p>\n<\/div><div class=\"fusion-clearfix\"><\/div><\/div><\/div><\/div><\/div><div class=\"fusion-fullwidth fullwidth-box fusion-builder-row-4 nonhundred-percent-fullwidth non-hundred-percent-height-scrolling\" style=\"--awb-border-radius-top-left:0px;--awb-border-radius-top-right:0px;--awb-border-radius-bottom-right:0px;--awb-border-radius-bottom-left:0px;--awb-flex-wrap:wrap;\" ><div class=\"fusion-builder-row fusion-row\"><div class=\"fusion-layout-column fusion_builder_column fusion-builder-column-6 fusion_builder_column_1_1 1_1 fusion-one-full fusion-column-first fusion-column-last\" style=\"--awb-bg-size:cover;\"><div class=\"fusion-column-wrapper fusion-flex-column-wrapper-legacy\"><div class=\"fusion-sep-clear\"><\/div><div class=\"fusion-separator fusion-full-width-sep\" style=\"margin-left: auto;margin-right: auto;margin-bottom:15px;width:100%;\"><div class=\"fusion-separator-border sep-single sep-solid\" style=\"--awb-height:20px;--awb-amount:20px;border-color:#e0dede;border-top-width:1px;\"><\/div><\/div><div class=\"fusion-sep-clear\"><\/div><div class=\"fusion-clearfix\"><\/div><\/div><\/div><div class=\"fusion-layout-column fusion_builder_column fusion-builder-column-7 fusion_builder_column_1_3 1_3 fusion-one-third fusion-column-first\" style=\"--awb-bg-size:cover;width:33.333333333333%;width:calc(33.333333333333% - ( ( 4% ) * 0.33333333333333 ) );margin-right: 4%;\"><div class=\"fusion-column-wrapper fusion-flex-column-wrapper-legacy\"><div class=\"fusion-sep-clear\"><\/div><div class=\"fusion-separator fusion-clearfix\" style=\"float:left;width:100%;max-width:50px;\"><div class=\"fusion-separator-border sep-single sep-solid\" style=\"--awb-height:20px;--awb-amount:20px;--awb-sep-color:#49c0e9;border-color:#49c0e9;border-top-width:4px;\"><\/div><\/div><div class=\"fusion-sep-clear\"><\/div><div class=\"fusion-text fusion-text-5\"><h1>Notfallvorsorge im Stra\u00dfenverkehr<\/h1>\n<\/div><div class=\"fusion-clearfix\"><\/div><\/div><\/div><div class=\"fusion-layout-column fusion_builder_column fusion-builder-column-8 fusion_builder_column_2_3 2_3 fusion-two-third fusion-column-last\" style=\"--awb-bg-size:cover;width:66.666666666667%;width:calc(66.666666666667% - ( ( 4% ) * 0.66666666666667 ) );\"><div class=\"fusion-column-wrapper fusion-flex-column-wrapper-legacy\"><div class=\"fusion-text fusion-text-6\"><p>Zertifikat f\u00fcr die Unterst\u00fctzung der Zivilen Notfallvorsorge im Stra\u00dfenverkehr der Bundesrepublik Deutschland.<\/p>\n<p><a href=\"https:\/\/fahrnerlogistics.com\/spedition\/wp-content\/uploads\/sites\/2\/2024\/08\/BAG_Zertifikat.pdf\" target=\"_blank\" rel=\"noopener\">BAG Zertifikat <img decoding=\"async\" class=\"alignnone wp-image-214\" src=\"https:\/\/fahrnerlogistics.com\/spedition\/wp-content\/uploads\/sites\/2\/2018\/06\/Adobe-Acrobat-icon.png\" alt=\"\" width=\"30\" height=\"30\" srcset=\"https:\/\/fahrnerlogistics.com\/spedition\/wp-content\/uploads\/sites\/2\/2018\/06\/Adobe-Acrobat-icon-66x66.png 66w, https:\/\/fahrnerlogistics.com\/spedition\/wp-content\/uploads\/sites\/2\/2018\/06\/Adobe-Acrobat-icon-150x150.png 150w, https:\/\/fahrnerlogistics.com\/spedition\/wp-content\/uploads\/sites\/2\/2018\/06\/Adobe-Acrobat-icon-200x200.png 200w, https:\/\/fahrnerlogistics.com\/spedition\/wp-content\/uploads\/sites\/2\/2018\/06\/Adobe-Acrobat-icon.png 256w\" sizes=\"(max-width: 30px) 100vw, 30px\" \/><\/a><\/p>\n<\/div><div class=\"fusion-clearfix\"><\/div><\/div><\/div><\/div><\/div><\/p>\n","protected":false},"excerpt":{"rendered":"","protected":false},"author":1,"featured_media":0,"parent":0,"menu_order":0,"comment_status":"closed","ping_status":"closed","template":"","meta":{"footnotes":"","_links_to":"","_links_to_target":""},"aioseo_notices":[],"_links":{"self":[{"href":"https:\/\/fahrnerlogistics.com\/spedition\/wp-json\/wp\/v2\/pages\/51"}],"collection":[{"href":"https:\/\/fahrnerlogistics.com\/spedition\/wp-json\/wp\/v2\/pages"}],"about":[{"href":"https:\/\/fahrnerlogistics.com\/spedition\/wp-json\/wp\/v2\/types\/page"}],"author":[{"embeddable":true,"href":"https:\/\/fahrnerlogistics.com\/spedition\/wp-json\/wp\/v2\/users\/1"}],"replies":[{"embeddable":true,"href":"https:\/\/fahrnerlogistics.com\/spedition\/wp-json\/wp\/v2\/comments?post=51"}],"version-history":[{"count":10,"href":"https:\/\/fahrnerlogistics.com\/spedition\/wp-json\/wp\/v2\/pages\/51\/revisions"}],"predecessor-version":[{"id":359,"href":"https:\/\/fahrnerlogistics.com\/spedition\/wp-json\/wp\/v2\/pages\/51\/revisions\/359"}],"wp:attachment":[{"href":"https:\/\/fahrnerlogistics.com\/spedition\/wp-json\/wp\/v2\/media?parent=51"}],"curies":[{"name":"wp","href":"https:\/\/api.w.org\/{rel}","templated":true}]}}