{"id":7,"date":"2018-01-15T09:52:53","date_gmt":"2018-01-15T08:52:53","guid":{"rendered":"https:\/\/fahrnerlogistics.com\/spedition\/?page_id=7"},"modified":"2018-07-09T10:43:04","modified_gmt":"2018-07-09T08:43:04","slug":"home","status":"publish","type":"page","link":"https:\/\/fahrnerlogistics.com\/spedition\/","title":{"rendered":"Home"},"content":{"rendered":"<p><div class=\"fusion-fullwidth fullwidth-box fusion-builder-row-1 nonhundred-percent-fullwidth non-hundred-percent-height-scrolling\" style=\"--awb-border-radius-top-left:0px;--awb-border-radius-top-right:0px;--awb-border-radius-bottom-right:0px;--awb-border-radius-bottom-left:0px;--awb-flex-wrap:wrap;\" ><div class=\"fusion-builder-row fusion-row\"><div class=\"fusion-layout-column fusion_builder_column fusion-builder-column-0 fusion_builder_column_1_1 1_1 fusion-one-full fusion-column-first fusion-column-last\" style=\"--awb-bg-size:cover;\"><div class=\"fusion-column-wrapper fusion-flex-column-wrapper-legacy\">\n<div class=\"fusion-slider-revolution rev_slider_wrapper\">\t\t\t<!-- START Spedition REVOLUTION SLIDER 6.5.31 --><p class=\"rs-p-wp-fix\"><\/p>\n\t\t\t<rs-module-wrap id=\"rev_slider_1_1_wrapper\" data-source=\"gallery\" style=\"visibility:hidden;background:transparent;padding:0;margin:0px auto;margin-top:0;margin-bottom:0;\">\n\t\t\t\t<rs-module id=\"rev_slider_1_1\" style=\"\" data-version=\"6.5.31\">\n\t\t\t\t\t<rs-slides>\n\t\t\t\t\t\t<rs-slide style=\"position: absolute;\" data-key=\"rs-1\" data-title=\"Slide\" data-anim=\"adpr:false;\" data-in=\"o:0;\" data-out=\"a:false;\">\n\t\t\t\t\t\t\t<img decoding=\"async\" src=\"\/\/fahrnerlogistics.com\/spedition\/wp-content\/plugins\/revslider\/public\/assets\/assets\/dummy.png\" alt=\"\" title=\"fahrner-spedition\" width=\"1920\" height=\"1080\" class=\"rev-slidebg tp-rs-img rs-lazyload\" data-lazyload=\"\/\/fahrnerlogistics.com\/spedition\/wp-content\/uploads\/sites\/2\/2023\/06\/fahrner-spedition.jpg\" data-no-retina>\n<!---->\t\t\t\t\t\t<\/rs-slide>\n\t\t\t\t\t\t<rs-slide style=\"position: absolute;\" data-key=\"rs-6\" data-title=\"Slide\" data-anim=\"adpr:false;\">\n\t\t\t\t\t\t\t<img decoding=\"async\" src=\"\/\/fahrnerlogistics.com\/spedition\/wp-content\/plugins\/revslider\/public\/assets\/assets\/dummy.png\" alt=\"\" title=\"_MFL1426\" width=\"1170\" height=\"580\" class=\"rev-slidebg tp-rs-img rs-lazyload\" data-lazyload=\"\/\/fahrnerlogistics.com\/spedition\/wp-content\/uploads\/sites\/2\/2018\/07\/MFL1426.jpg\" data-no-retina>\n<!---->\t\t\t\t\t\t<\/rs-slide>\n\t\t\t\t\t\t<rs-slide style=\"position: absolute;\" data-key=\"rs-2\" data-title=\"Slide\" data-anim=\"adpr:false;\">\n\t\t\t\t\t\t\t<img decoding=\"async\" src=\"\/\/fahrnerlogistics.com\/spedition\/wp-content\/plugins\/revslider\/public\/assets\/assets\/dummy.png\" alt=\"\" title=\"_MFL1599\" width=\"1170\" height=\"580\" class=\"rev-slidebg tp-rs-img rs-lazyload\" data-lazyload=\"\/\/fahrnerlogistics.com\/spedition\/wp-content\/uploads\/sites\/2\/2018\/07\/MFL1599.jpg\" data-no-retina>\n<!---->\t\t\t\t\t\t<\/rs-slide>\n\t\t\t\t\t\t<rs-slide style=\"position: absolute;\" data-key=\"rs-3\" data-title=\"Slide\" data-anim=\"adpr:false;\">\n\t\t\t\t\t\t\t<img decoding=\"async\" src=\"\/\/fahrnerlogistics.com\/spedition\/wp-content\/plugins\/revslider\/public\/assets\/assets\/dummy.png\" alt=\"\" title=\"_MFL1752\" width=\"1170\" height=\"580\" class=\"rev-slidebg tp-rs-img rs-lazyload\" data-lazyload=\"\/\/fahrnerlogistics.com\/spedition\/wp-content\/uploads\/sites\/2\/2018\/07\/MFL1752.jpg\" data-no-retina>\n<!---->\t\t\t\t\t\t<\/rs-slide>\n\t\t\t\t\t\t<rs-slide style=\"position: absolute;\" data-key=\"rs-4\" data-title=\"Slide\" data-anim=\"adpr:false;\">\n\t\t\t\t\t\t\t<img decoding=\"async\" src=\"\/\/fahrnerlogistics.com\/spedition\/wp-content\/plugins\/revslider\/public\/assets\/assets\/dummy.png\" alt=\"\" title=\"_MFL1983\" width=\"1170\" height=\"580\" class=\"rev-slidebg tp-rs-img rs-lazyload\" data-lazyload=\"\/\/fahrnerlogistics.com\/spedition\/wp-content\/uploads\/sites\/2\/2018\/07\/MFL1983.jpg\" data-no-retina>\n<!---->\t\t\t\t\t\t<\/rs-slide>\n\t\t\t\t\t\t<rs-slide style=\"position: absolute;\" data-key=\"rs-5\" data-title=\"Slide\" data-anim=\"adpr:false;\">\n\t\t\t\t\t\t\t<img decoding=\"async\" src=\"\/\/fahrnerlogistics.com\/spedition\/wp-content\/plugins\/revslider\/public\/assets\/assets\/dummy.png\" alt=\"\" title=\"_MFL2058\" width=\"1170\" height=\"580\" class=\"rev-slidebg tp-rs-img rs-lazyload\" data-lazyload=\"\/\/fahrnerlogistics.com\/spedition\/wp-content\/uploads\/sites\/2\/2018\/07\/MFL2058.jpg\" data-no-retina>\n<!---->\t\t\t\t\t\t<\/rs-slide>\n\t\t\t\t\t<\/rs-slides>\n\t\t\t\t<\/rs-module>\n\t\t\t\t<script>\n\t\t\t\t\tsetREVStartSize({c: 'rev_slider_1_1',rl:[1240,1024,778,480],el:[580],gw:[1170],gh:[580],type:'standard',justify:'',layout:'fullwidth',mh:\"0\"});if (window.RS_MODULES!==undefined && window.RS_MODULES.modules!==undefined && window.RS_MODULES.modules[\"revslider11\"]!==undefined) {window.RS_MODULES.modules[\"revslider11\"].once = false;window.revapi1 = undefined;if (window.RS_MODULES.checkMinimal!==undefined) window.RS_MODULES.checkMinimal()}\n\t\t\t\t<\/script>\n\t\t\t<\/rs-module-wrap>\n\t\t\t<!-- END REVOLUTION SLIDER -->\n<\/div><div class=\"fusion-sep-clear\"><\/div><div class=\"fusion-separator fusion-full-width-sep\" style=\"margin-left: auto;margin-right: auto;margin-top:35px;margin-bottom:15px;width:100%;\"><div class=\"fusion-separator-border sep-single sep-solid\" style=\"--awb-height:20px;--awb-amount:20px;border-color:#e0dede;border-top-width:1px;\"><\/div><\/div><div class=\"fusion-sep-clear\"><\/div><div class=\"fusion-clearfix\"><\/div><\/div><\/div><\/div><\/div><div class=\"fusion-fullwidth fullwidth-box fusion-builder-row-2 nonhundred-percent-fullwidth non-hundred-percent-height-scrolling\" style=\"--awb-border-radius-top-left:0px;--awb-border-radius-top-right:0px;--awb-border-radius-bottom-right:0px;--awb-border-radius-bottom-left:0px;--awb-flex-wrap:wrap;\" ><div class=\"fusion-builder-row fusion-row\"><div class=\"fusion-layout-column fusion_builder_column fusion-builder-column-1 fusion_builder_column_1_3 1_3 fusion-one-third fusion-column-first\" style=\"--awb-bg-size:cover;width:33.333333333333%;width:calc(33.333333333333% - ( ( 4% ) * 0.33333333333333 ) );margin-right: 4%;\"><div class=\"fusion-column-wrapper fusion-flex-column-wrapper-legacy\"><div class=\"fusion-sep-clear\"><\/div><div class=\"fusion-separator fusion-clearfix\" style=\"float:left;width:100%;max-width:50px;\"><div class=\"fusion-separator-border sep-single sep-solid\" style=\"--awb-height:20px;--awb-amount:20px;--awb-sep-color:#49c0e9;border-color:#49c0e9;border-top-width:4px;\"><\/div><\/div><div class=\"fusion-sep-clear\"><\/div><div class=\"fusion-text fusion-text-1\"><h1>Wir sind<br \/>\n<strong>Ihre Wegbereiter<\/strong><\/h1>\n<\/div><div class=\"fusion-clearfix\"><\/div><\/div><\/div><div class=\"fusion-layout-column fusion_builder_column fusion-builder-column-2 fusion_builder_column_2_3 2_3 fusion-two-third fusion-column-last\" style=\"--awb-bg-size:cover;width:66.666666666667%;width:calc(66.666666666667% - ( ( 4% ) * 0.66666666666667 ) );\"><div class=\"fusion-column-wrapper fusion-flex-column-wrapper-legacy\"><div class=\"fusion-text fusion-text-2\"><p>Wirtschaftlich und umweltbewusst. Effizient und intelligent. Transport und Logistik, wie sie Unternehmen heute und in Zukunft brauchen. Das ist Fahrner Spedition. Wir leben f\u00fcr unsere Kunden den Begriff \u201eSpedition\u201c in seiner ganzen Bandbreite aus Tradition und Innovation bis hin zur Industrie 4.0- Perspektive. Denn: Was heute R\u00e4der hat, wird sie morgen auch noch haben. Doch alles was dar\u00fcber hinausgeht, wird anders sein. Antrieb, Transportraum, Lenkung, Monitoring und vieles mehr. Nur wer heute schon die Weichen f\u00fcr die Zukunft stellt, wird dort erfolgreich ankommen. Mit Fahrner Spedition erreichen Sie Ihre Ziele auf k\u00fcrzestem Weg. Zuverl\u00e4ssig und zeitsparend. Jeder Logistik-Auftrag ist eine Investition in das Heute und in die Zukunft. Denn dort bringen wir Ihre Ware hin. Und das so schnell und sicher wie heute m\u00f6glich. Daf\u00fcr verbinden wir die pers\u00f6nliche Kompetenz unserer erfahrenen Mitarbeiter mit modernster Fuhrparktechnik und intelligenten Tourenplanungs- und Tourensteuerungssystemen. Sie erhalten Transport- und Logistikl\u00f6sungen aus einer Hand. F\u00fcr Ihren Erfolg in ganz Europa.<\/p>\n<h2>Fahrner Spedition:<\/h2>\n<ul>\n<li>Transport und Logistik: wirtschaftlich, umweltbewusst, effizient und zukunftsweisend<\/li>\n<li>Erfahrung und Innovation: kompetente Mitarbeiter, modernste Technologien<\/li>\n<li>Mehr als 100 ziehende Einheiten mit Euro 6, perfekt auf Ihre Anforderungen zugeschnitten<\/li>\n<li>Maximale Flexibilit\u00e4t in Planung und Transport<\/li>\n<li>Transport- und Logistikl\u00f6sungen aus einer Hand<\/li>\n<\/ul>\n<\/div><div class=\"fusion-clearfix\"><\/div><\/div><\/div><\/div><\/div><div class=\"fusion-fullwidth fullwidth-box fusion-builder-row-3 nonhundred-percent-fullwidth non-hundred-percent-height-scrolling\" style=\"--awb-border-radius-top-left:0px;--awb-border-radius-top-right:0px;--awb-border-radius-bottom-right:0px;--awb-border-radius-bottom-left:0px;--awb-flex-wrap:wrap;\" ><div class=\"fusion-builder-row fusion-row\"><div class=\"fusion-layout-column fusion_builder_column fusion-builder-column-3 fusion_builder_column_1_1 1_1 fusion-one-full fusion-column-first fusion-column-last\" style=\"--awb-bg-size:cover;\"><div class=\"fusion-column-wrapper fusion-flex-column-wrapper-legacy\"><div class=\"fusion-sep-clear\"><\/div><div class=\"fusion-separator fusion-full-width-sep\" style=\"margin-left: auto;margin-right: auto;margin-top:35px;margin-bottom:45px;width:100%;\"><div class=\"fusion-separator-border sep-single sep-solid\" style=\"--awb-height:20px;--awb-amount:20px;border-color:#e0dede;border-top-width:1px;\"><\/div><\/div><div class=\"fusion-sep-clear\"><\/div><div class=\"fusion-sep-clear\"><\/div><div class=\"fusion-separator fusion-clearfix\" style=\"float:left;width:100%;max-width:50px;\"><div class=\"fusion-separator-border sep-single sep-solid\" style=\"--awb-height:20px;--awb-amount:20px;--awb-sep-color:#49c0e9;border-color:#49c0e9;border-top-width:4px;\"><\/div><\/div><div class=\"fusion-sep-clear\"><\/div><div class=\"fusion-text fusion-text-3\"><h1><strong>Aktuelles<\/strong><\/h1>\n<\/div><div class=\"fusion-clearfix\"><\/div><\/div><\/div><div class=\"fusion-layout-column fusion_builder_column fusion-builder-column-4 fusion_builder_column_1_1 1_1 fusion-one-full fusion-column-first fusion-column-last\" style=\"--awb-bg-size:cover;\"><div class=\"fusion-column-wrapper fusion-flex-column-wrapper-legacy\"><div class=\"fusion-blog-shortcode fusion-blog-shortcode-1 fusion-blog-archive fusion-blog-layout-grid-wrapper fusion-blog-no aktuelles_grid_home\"><style type=\"text\/css\">.fusion-blog-shortcode-1 .fusion-blog-layout-grid .fusion-post-grid{padding:20px;}.fusion-blog-shortcode-1 .fusion-posts-container{margin-left: -20px !important; margin-right:-20px !important;}<\/style><div class=\"fusion-posts-container fusion-posts-container-no fusion-no-meta-info fusion-blog-layout-grid fusion-blog-layout-grid-3 isotope\" data-pages=\"0\" data-grid-col-space=\"40\" style=\"margin: -20px -20px 0;min-height:500px;\"><article id=\"blog-1-post-335\" class=\"fusion-post-grid post-335 post type-post status-publish format-standard hentry category-allgemein\">\n<div class=\"fusion-post-wrapper\" style=\"background-color:rgba(255,255,255,0);border:1px solid #ebeaea;border-bottom-width:3px;\">\n\n<div class=\"fusion-post-content-wrapper\" style=\"padding:30px 25px 20px 25px;\"><div class=\"fusion-post-content post-content\"><h2 class=\"blog-shortcode-post-title entry-title\"><a href=\"https:\/\/fahrnerlogistics.com\/spedition\/pilotprojekt-ewaybw-in-stabilem-testbetrieb\/\">Pilotprojekt eWayBW in stabilem Testbetrieb<\/a><\/h2><div class=\"fusion-post-content-container\"><p>Als Projektpartner des Forschungsprojekts eWayBW setzt die Firma derzeit vier OberleitungsHybrid-Lkw (OH-Lkw) im t\u00e4glichen Betrieb ein. \u201eSeit eineinhalb Jahren laufen die f\u00fcnf Test-Fahrzeuge sehr zuverl\u00e4ssig und ohne Probleme.\u201c, sagt Thomas [\u2026]<\/p>\n<\/div><\/div><\/div><div class=\"fusion-clearfix\"><\/div><\/div>\n<\/article>\n<article id=\"blog-1-post-257\" class=\"fusion-post-grid post-257 post type-post status-publish format-standard hentry category-allgemein\">\n<div class=\"fusion-post-wrapper\" style=\"background-color:rgba(255,255,255,0);border:1px solid #ebeaea;border-bottom-width:3px;\">\n\n<div class=\"fusion-post-content-wrapper\" style=\"padding:30px 25px 20px 25px;\"><div class=\"fusion-post-content post-content\"><h2 class=\"blog-shortcode-post-title entry-title\"><a href=\"https:\/\/fahrnerlogistics.com\/spedition\/agilitaet-in-zeiten-des-umbruchs\/\">Agilit\u00e4t in Zeiten des Umbruchs<\/a><\/h2><div class=\"fusion-post-content-container\"><p>Fahrner in der Titelgeschichte des Magazins \u201eTreibstoff\u201c<\/p>\n<p><a href=\"https:\/\/fahrnerlogistics.com\/spedition\/wp-content\/uploads\/sites\/2\/2018\/06\/DVV-18-001_Nr.1_Kravag-Treibstoff_gesamt_Titelgeschichte.pdf\" target=\"_blank\" rel=\"noopener\">Jetzt anschauen <img decoding=\"async\" class=\"alignnone wp-image-214\" src=\"https:\/\/fahrnerlogistics.com\/spedition\/wp-content\/uploads\/sites\/2\/2018\/06\/Adobe-Acrobat-icon.png\" alt=\"\" width=\"30\" height=\"30\" srcset=\"https:\/\/fahrnerlogistics.com\/spedition\/wp-content\/uploads\/sites\/2\/2018\/06\/Adobe-Acrobat-icon-66x66.png 66w, https:\/\/fahrnerlogistics.com\/spedition\/wp-content\/uploads\/sites\/2\/2018\/06\/Adobe-Acrobat-icon-150x150.png 150w, https:\/\/fahrnerlogistics.com\/spedition\/wp-content\/uploads\/sites\/2\/2018\/06\/Adobe-Acrobat-icon-200x200.png 200w, https:\/\/fahrnerlogistics.com\/spedition\/wp-content\/uploads\/sites\/2\/2018\/06\/Adobe-Acrobat-icon.png 256w\" sizes=\"(max-width: 30px) 100vw, 30px\"><\/a>    <\/p>\n<\/div><\/div><\/div><div class=\"fusion-clearfix\"><\/div><\/div>\n<\/article>\n<div class=\"fusion-clearfix\"><\/div><\/div><\/div><div class=\"fusion-clearfix\"><\/div><\/div><\/div><\/div><\/div><\/p>\n","protected":false},"excerpt":{"rendered":"","protected":false},"author":1,"featured_media":0,"parent":0,"menu_order":0,"comment_status":"closed","ping_status":"closed","template":"","meta":{"footnotes":"","_links_to":"","_links_to_target":""},"aioseo_notices":[],"_links":{"self":[{"href":"https:\/\/fahrnerlogistics.com\/spedition\/wp-json\/wp\/v2\/pages\/7"}],"collection":[{"href":"https:\/\/fahrnerlogistics.com\/spedition\/wp-json\/wp\/v2\/pages"}],"about":[{"href":"https:\/\/fahrnerlogistics.com\/spedition\/wp-json\/wp\/v2\/types\/page"}],"author":[{"embeddable":true,"href":"https:\/\/fahrnerlogistics.com\/spedition\/wp-json\/wp\/v2\/users\/1"}],"replies":[{"embeddable":true,"href":"https:\/\/fahrnerlogistics.com\/spedition\/wp-json\/wp\/v2\/comments?post=7"}],"version-history":[{"count":10,"href":"https:\/\/fahrnerlogistics.com\/spedition\/wp-json\/wp\/v2\/pages\/7\/revisions"}],"predecessor-version":[{"id":255,"href":"https:\/\/fahrnerlogistics.com\/spedition\/wp-json\/wp\/v2\/pages\/7\/revisions\/255"}],"wp:attachment":[{"href":"https:\/\/fahrnerlogistics.com\/spedition\/wp-json\/wp\/v2\/media?parent=7"}],"curies":[{"name":"wp","href":"https:\/\/api.w.org\/{rel}","templated":true}]}}